{"id":1079,"date":"2025-11-09T18:59:43","date_gmt":"2025-11-09T17:59:43","guid":{"rendered":"https:\/\/filamenti.rs\/?post_type=product&#038;p=1079"},"modified":"2025-12-25T18:21:20","modified_gmt":"2025-12-25T17:21:20","slug":"polylite-abs","status":"publish","type":"product","link":"https:\/\/filamenti.rs\/en\/product\/polylite-abs\/","title":{"rendered":"PolyLite\u2122 ABS"},"content":{"rendered":"<p data-start=\"0\" data-end=\"78\"><strong data-start=\"0\" data-end=\"76\">PolyLite\u2122 ABS: Niska emisija mirisa, otpornost na toplotu i visok u\u010dinak<\/strong><\/p>\n<p data-start=\"80\" data-end=\"451\"><strong data-start=\"80\" data-end=\"125\">Napredna ABS smola za kvalitetniju \u0161tampu<\/strong><br data-start=\"125\" data-end=\"128\" \/>PolyLite\u2122 ABS je formulisano pomo\u0107u specijalne ABS smole dobijene procesom masovne polimerizacije, \u0161to zna\u010dajno smanjuje sadr\u017eaj isparljivih materija u pore\u0111enju sa klasi\u010dnim ABS-om. Rezultat je \u010distije i bezbednije iskustvo \u0161tampe sa <strong data-start=\"363\" data-end=\"385\">minimalnim mirisom<\/strong>, \u0161to ga \u010dini prijatnijim za upotrebu u svakom radnom okru\u017eenju.<\/p>\n<p data-start=\"453\" data-end=\"783\"><strong data-start=\"453\" data-end=\"506\">Izvrsna otpornost na toplotu i mehani\u010dka \u010dvrsto\u0107a<\/strong><br data-start=\"506\" data-end=\"509\" \/>Ovaj filament je projektovan za projekte koji zahtevaju <strong data-start=\"565\" data-end=\"598\">visoku mehani\u010dku izdr\u017eljivost<\/strong> i <strong data-start=\"601\" data-end=\"636\">otpornost na visoke temperature<\/strong>. PolyLite\u2122 ABS zadr\u017eava svoju \u010dvrsto\u0107u i oblik \u010dak i u zahtevnim uslovima, zbog \u010dega je idealan za <strong data-start=\"736\" data-end=\"780\" data-is-only-node=\"\">funkcionalne delove, ku\u0107i\u0161ta i prototipe<\/strong>.<\/p>\n<p data-start=\"785\" data-end=\"1054\"><strong data-start=\"785\" data-end=\"831\">Stabilna \u0161tampa u zatvorenim 3D \u0161tampa\u010dima<\/strong><br data-start=\"831\" data-end=\"834\" \/>Za najbolje rezultate preporu\u010duje se \u0161tampa u <strong data-start=\"880\" data-end=\"906\">zatvorenom 3D \u0161tampa\u010du<\/strong>, \u0161to omogu\u0107ava stabilnu temperaturu tokom procesa i minimalno savijanje slojeva. Tako se lako dobijaju <strong data-start=\"1010\" data-end=\"1051\">precizni i estetski kvalitetni delovi<\/strong>.<\/p>\n<p data-start=\"1056\" data-end=\"1262\" data-is-last-node=\"\" data-is-only-node=\"\"><strong data-start=\"1056\" data-end=\"1109\">Idealan za funkcionalne i termootporne komponente<\/strong><br data-start=\"1109\" data-end=\"1112\" \/>Odaberite <strong data-start=\"1122\" data-end=\"1139\">PolyLite\u2122 ABS<\/strong> za projekte gde su potrebni <strong data-start=\"1168\" data-end=\"1221\">visoka mehani\u010dka otpornost, stabilnost na toplotu<\/strong> i <strong data-start=\"1224\" data-end=\"1248\" data-is-only-node=\"\">niska emisija mirisa<\/strong> tokom \u0161tampe.<\/p>","protected":false},"excerpt":{"rendered":"<p>PolyLite\u2122 ABS: Niska emisija mirisa, otpornost na toplotu i visok u\u010dinak Napredna ABS smola za kvalitetniju \u0161tampuPolyLite\u2122 ABS je formulisano pomo\u0107u specijalne ABS smole dobijene procesom masovne polimerizacije, \u0161to zna\u010dajno smanjuje sadr\u017eaj isparljivih materija u pore\u0111enju sa klasi\u010dnim ABS-om. Rezultat je \u010distije i bezbednije iskustvo \u0161tampe sa minimalnim mirisom, \u0161to ga \u010dini prijatnijim za upotrebu u svakom radnom okru\u017eenju. Izvrsna otpornost na toplotu i mehani\u010dka \u010dvrsto\u0107aOvaj filament je projektovan za projekte koji zahtevaju visoku mehani\u010dku izdr\u017eljivost i otpornost na visoke temperature. PolyLite\u2122 ABS zadr\u017eava svoju \u010dvrsto\u0107u i oblik \u010dak i u zahtevnim uslovima, zbog \u010dega je idealan za funkcionalne delove, ku\u0107i\u0161ta i prototipe. Stabilna \u0161tampa u zatvorenim 3D \u0161tampa\u010dimaZa najbolje rezultate preporu\u010duje se \u0161tampa u zatvorenom 3D \u0161tampa\u010du, \u0161to omogu\u0107ava stabilnu temperaturu tokom procesa i minimalno savijanje slojeva. Tako se lako dobijaju precizni i estetski kvalitetni delovi. Idealan za funkcionalne i termootporne komponenteOdaberite PolyLite\u2122 ABS za projekte gde su potrebni visoka mehani\u010dka otpornost, stabilnost na toplotu i niska emisija mirisa tokom \u0161tampe.<\/p>","protected":false},"featured_media":1080,"template":"","meta":[],"product_brand":[],"product_cat":[31,90],"product_tag":[],"class_list":{"0":"post-1079","1":"product","2":"type-product","3":"status-publish","4":"has-post-thumbnail","6":"product_cat-abs","7":"product_cat-polylite","8":"pa_color-black","9":"pa_color-natural","11":"first","12":"instock","13":"sale","14":"shipping-taxable","15":"purchasable","16":"product-type-variable"},"_links":{"self":[{"href":"https:\/\/filamenti.rs\/en\/wp-json\/wp\/v2\/product\/1079","targetHints":{"allow":["GET"]}}],"collection":[{"href":"https:\/\/filamenti.rs\/en\/wp-json\/wp\/v2\/product"}],"about":[{"href":"https:\/\/filamenti.rs\/en\/wp-json\/wp\/v2\/types\/product"}],"version-history":[{"count":1,"href":"https:\/\/filamenti.rs\/en\/wp-json\/wp\/v2\/product\/1079\/revisions"}],"predecessor-version":[{"id":1084,"href":"https:\/\/filamenti.rs\/en\/wp-json\/wp\/v2\/product\/1079\/revisions\/1084"}],"wp:featuredmedia":[{"embeddable":true,"href":"https:\/\/filamenti.rs\/en\/wp-json\/wp\/v2\/media\/1080"}],"wp:attachment":[{"href":"https:\/\/filamenti.rs\/en\/wp-json\/wp\/v2\/media?parent=1079"}],"wp:term":[{"taxonomy":"product_brand","embeddable":true,"href":"https:\/\/filamenti.rs\/en\/wp-json\/wp\/v2\/product_brand?post=1079"},{"taxonomy":"product_cat","embeddable":true,"href":"https:\/\/filamenti.rs\/en\/wp-json\/wp\/v2\/product_cat?post=1079"},{"taxonomy":"product_tag","embeddable":true,"href":"https:\/\/filamenti.rs\/en\/wp-json\/wp\/v2\/product_tag?post=1079"}],"curies":[{"name":"wp","href":"https:\/\/api.w.org\/{rel}","templated":true}]}}