{"id":1092,"date":"2025-11-09T19:20:20","date_gmt":"2025-11-09T18:20:20","guid":{"rendered":"https:\/\/filamenti.rs\/?post_type=product&#038;p=1092"},"modified":"2026-03-06T16:08:35","modified_gmt":"2026-03-06T15:08:35","slug":"panchroma-gradient-matte-pla","status":"publish","type":"product","link":"https:\/\/filamenti.rs\/en\/product\/panchroma-gradient-matte-pla\/","title":{"rendered":"Panchroma\u2122 Gradient Matte PLA"},"content":{"rendered":"<p data-start=\"0\" data-end=\"90\"><strong data-start=\"0\" data-end=\"88\">Panchroma\u2122 Matte Gradient PLA: Glatki prelazi boja sa PLA filamentom nove generacije<\/strong><\/p>\n<p data-start=\"92\" data-end=\"431\"><strong data-start=\"92\" data-end=\"123\">Prelep mat gradijent efekat<\/strong><br data-start=\"123\" data-end=\"126\" \/>Panchroma\u2122 Matte Gradient PLA je <strong data-start=\"159\" data-end=\"184\">bioplasti\u010dni filament<\/strong> za 3D \u0161tampu koji pru\u017ea <strong data-start=\"209\" data-end=\"247\">neprimetne prelaze boja du\u017e \u0161pulne<\/strong>, stvaraju\u0107i impresivne gradijent efekte na va\u0161im modelima.<br data-start=\"306\" data-end=\"309\" \/>Mat zavr\u0161nica daje <strong data-start=\"328\" data-end=\"358\">sofisticiran, ne\u017ean izgled<\/strong>, \u010dine\u0107i svaki od\u0161tampani predmet <strong data-start=\"392\" data-end=\"430\">vizuelno jedinstvenim i elegantnim<\/strong>.<\/p>\n<p data-start=\"433\" data-end=\"784\"><strong data-start=\"433\" data-end=\"475\">PLA nove generacije za pouzdanu \u0161tampu<\/strong><br data-start=\"475\" data-end=\"478\" \/>Ovaj filament je razvijen od nule kako bi ponudio <strong data-start=\"528\" data-end=\"561\">izuzetno jednostavnu upotrebu<\/strong>, <strong data-start=\"563\" data-end=\"595\">konzistentan kvalitet \u0161tampe<\/strong>, <strong data-start=\"597\" data-end=\"614\">visoke brzine<\/strong> i <strong data-start=\"617\" data-end=\"631\">pouzdanost<\/strong>.<br data-start=\"632\" data-end=\"635\" data-is-only-node=\"\" \/>Pogodan je i za <strong data-start=\"651\" data-end=\"664\">po\u010detnike<\/strong> i za <strong data-start=\"670\" data-end=\"691\">iskusne korisnike<\/strong>, i radi <strong data-start=\"700\" data-end=\"745\">besprekorno na ve\u0107ini FDM\/FFF 3D \u0161tampa\u010da<\/strong> bez potrebe za dodatnim pode\u0161avanjima.<\/p>\n<p data-start=\"786\" data-end=\"1009\"><strong data-start=\"786\" data-end=\"837\">Ekolo\u0161ki svesna i korisni\u010dki jednostavna opcija<\/strong><br data-start=\"837\" data-end=\"840\" \/>Napravljen od <strong data-start=\"854\" data-end=\"877\">odr\u017eive bioplastike<\/strong>, Panchroma\u2122 Matte Gradient PLA predstavlja <strong data-start=\"921\" data-end=\"951\">ekolo\u0161ki prihvatljiv izbor<\/strong> koji ne pravi kompromis izme\u0111u <strong data-start=\"983\" data-end=\"1008\">izgleda i performansi<\/strong>.<\/p>\n<p data-start=\"1011\" data-end=\"1215\"><strong data-start=\"1011\" data-end=\"1046\">Novo ime, ista pouzdana formula<\/strong><br data-start=\"1046\" data-end=\"1049\" \/>Ranije poznat kao <strong data-start=\"1067\" data-end=\"1094\">PolyTerra\u2122 Gradient PLA<\/strong>, ovaj filament sada dolazi pod <strong data-start=\"1126\" data-end=\"1152\">novim, jasnijim imenom<\/strong>, ali sa <strong data-start=\"1161\" data-end=\"1214\">istim kvalitetom i prepoznatljivim prelazima boja<\/strong>.<\/p>\n<p data-start=\"1217\" data-end=\"1399\"><strong data-start=\"1217\" data-end=\"1260\">Izaberite Panchroma\u2122 Matte Gradient PLA<\/strong> kada \u017eelite da kreirate <strong data-start=\"1285\" data-end=\"1333\">\u0161tampe sa glatkim, privla\u010dnim prelazima boja<\/strong>, uz <strong data-start=\"1338\" data-end=\"1368\">pouzdanost i jednostavnost<\/strong> PLA filamenta nove generacije.<\/p>","protected":false},"excerpt":{"rendered":"<p>Panchroma\u2122 Matte Gradient PLA: Glatki prelazi boja sa PLA filamentom nove generacije Prelep mat gradijent efekatPanchroma\u2122 Matte Gradient PLA je bioplasti\u010dni filament za 3D \u0161tampu koji pru\u017ea neprimetne prelaze boja du\u017e \u0161pulne, stvaraju\u0107i impresivne gradijent efekte na va\u0161im modelima.Mat zavr\u0161nica daje sofisticiran, ne\u017ean izgled, \u010dine\u0107i svaki od\u0161tampani predmet vizuelno jedinstvenim i elegantnim. PLA nove generacije za pouzdanu \u0161tampuOvaj filament je razvijen od nule kako bi ponudio izuzetno jednostavnu upotrebu, konzistentan kvalitet \u0161tampe, visoke brzine i pouzdanost.Pogodan je i za po\u010detnike i za iskusne korisnike, i radi besprekorno na ve\u0107ini FDM\/FFF 3D \u0161tampa\u010da bez potrebe za dodatnim pode\u0161avanjima. Ekolo\u0161ki svesna i korisni\u010dki jednostavna opcijaNapravljen od odr\u017eive bioplastike, Panchroma\u2122 Matte Gradient PLA predstavlja ekolo\u0161ki prihvatljiv izbor koji ne pravi kompromis izme\u0111u izgleda i performansi. Novo ime, ista pouzdana formulaRanije poznat kao PolyTerra\u2122 Gradient PLA, ovaj filament sada dolazi pod novim, jasnijim imenom, ali sa istim kvalitetom i prepoznatljivim prelazima boja. Izaberite Panchroma\u2122 Matte Gradient PLA kada \u017eelite da kreirate \u0161tampe sa glatkim, privla\u010dnim prelazima boja, uz pouzdanost i jednostavnost PLA filamenta nove generacije.<\/p>","protected":false},"featured_media":1095,"template":"","meta":[],"product_brand":[],"product_cat":[43,37],"product_tag":[],"class_list":{"0":"post-1092","1":"product","2":"type-product","3":"status-publish","4":"has-post-thumbnail","6":"product_cat-panchroma","7":"product_cat-pla","8":"pa_color-gradient-matte-pastel-rainbow","9":"pa_color-gradient-matte-winter","11":"first","12":"instock","13":"shipping-taxable","14":"purchasable","15":"product-type-variable"},"_links":{"self":[{"href":"https:\/\/filamenti.rs\/en\/wp-json\/wp\/v2\/product\/1092","targetHints":{"allow":["GET"]}}],"collection":[{"href":"https:\/\/filamenti.rs\/en\/wp-json\/wp\/v2\/product"}],"about":[{"href":"https:\/\/filamenti.rs\/en\/wp-json\/wp\/v2\/types\/product"}],"version-history":[{"count":2,"href":"https:\/\/filamenti.rs\/en\/wp-json\/wp\/v2\/product\/1092\/revisions"}],"predecessor-version":[{"id":1247,"href":"https:\/\/filamenti.rs\/en\/wp-json\/wp\/v2\/product\/1092\/revisions\/1247"}],"wp:featuredmedia":[{"embeddable":true,"href":"https:\/\/filamenti.rs\/en\/wp-json\/wp\/v2\/media\/1095"}],"wp:attachment":[{"href":"https:\/\/filamenti.rs\/en\/wp-json\/wp\/v2\/media?parent=1092"}],"wp:term":[{"taxonomy":"product_brand","embeddable":true,"href":"https:\/\/filamenti.rs\/en\/wp-json\/wp\/v2\/product_brand?post=1092"},{"taxonomy":"product_cat","embeddable":true,"href":"https:\/\/filamenti.rs\/en\/wp-json\/wp\/v2\/product_cat?post=1092"},{"taxonomy":"product_tag","embeddable":true,"href":"https:\/\/filamenti.rs\/en\/wp-json\/wp\/v2\/product_tag?post=1092"}],"curies":[{"name":"wp","href":"https:\/\/api.w.org\/{rel}","templated":true}]}}