{"id":1135,"date":"2025-11-10T23:30:02","date_gmt":"2025-11-10T22:30:02","guid":{"rendered":"https:\/\/filamenti.rs\/?post_type=product&#038;p=1135"},"modified":"2025-12-21T18:16:45","modified_gmt":"2025-12-21T17:16:45","slug":"1135","status":"publish","type":"product","link":"https:\/\/filamenti.rs\/en\/product\/1135\/","title":{"rendered":"Polymaker\u2122 HT-PLA"},"content":{"rendered":"<p data-start=\"0\" data-end=\"65\"><strong data-start=\"0\" data-end=\"63\">Podignite svoje 3D \u0161tampe na vi\u0161i nivo uz Polymaker\u2122 HT-PLA<\/strong><\/p>\n<p data-start=\"67\" data-end=\"321\">Napravljeno za kreatore koji tra\u017ee <strong data-start=\"102\" data-end=\"144\">vrhunske performanse bez komplikacija.<\/strong> Dizajniran da izdr\u017ei temperature do <strong data-start=\"181\" data-end=\"190\">150\u00b0C<\/strong>, ovaj PLA nove generacije <strong data-start=\"217\" data-end=\"269\">zadr\u017eava svoj oblik \u010dak i pri ekstremnoj toploti<\/strong> \u2014 bez savijanja, bez deformacija, bez kompromisa.<\/p>\n<h3 data-start=\"323\" data-end=\"359\">Savr\u0161eno jednostavno \u0161tampanje<\/h3>\n<p data-start=\"360\" data-end=\"596\">HT-PLA funkcioni\u0161e besprekorno na ve\u0107ini FDM \u0161tampa\u010da koriste\u0107i <strong data-start=\"424\" data-end=\"454\">standardna PLA pode\u0161avanja<\/strong> \u2014 bez potrebe za nadogradnjom ili dodatnim pode\u0161avanjem. Uz <strong data-start=\"515\" data-end=\"544\">brzine \u0161tampe do 300 mm\/s<\/strong>, dobijate profesionalne rezultate br\u017ee nego ikad.<\/p>\n<h3 data-start=\"598\" data-end=\"634\">Ekolo\u0161ki i visokih performansi<\/h3>\n<p data-start=\"635\" data-end=\"817\">U\u017eivajte u <strong data-start=\"646\" data-end=\"689\">pouzdanosti i odr\u017eivosti PLA materijala<\/strong> uz <strong data-start=\"693\" data-end=\"750\">otpornost na toplotu naprednih in\u017eenjerskih polimera.<\/strong> Nije potrebno naknadno obra\u0111ivanje \u2014 samo \u0161tampajte i koristite.<\/p>\n<h3 data-start=\"819\" data-end=\"855\">14 izra\u017eajnih, \u017eivopisnih boja<\/h3>\n<p data-start=\"856\" data-end=\"1000\">Od prototipa do gotovog proizvoda, <strong data-start=\"891\" data-end=\"918\">uskla\u0111ujte svoju viziju<\/strong> sa 14 bogatih i upe\u010datljivih nijansi koje \u0107e svaku \u0161tampu u\u010diniti jedinstvenom.<\/p>\n<h3 data-start=\"1002\" data-end=\"1036\">Treba vam jo\u0161 vi\u0161e \u010dvrsto\u0107e?<\/h3>\n<p data-start=\"1037\" data-end=\"1187\">Za <strong data-start=\"1040\" data-end=\"1080\">mehani\u010dke performanse slede\u0107eg nivoa<\/strong>, pogledajte <strong data-start=\"1093\" data-end=\"1116\">Polymaker HT-PLA-GF<\/strong> \u2014 verziju oja\u010danu staklenim vlaknima, namenjenu zahtevnim primenama.<\/p>\n<p data-start=\"1189\" data-end=\"1221\"><strong data-start=\"1189\" data-end=\"1219\">Te\u017eina ciklusa gradijenta:<\/strong><\/p>\n<ul data-start=\"1222\" data-end=\"1289\" data-is-last-node=\"\" data-is-only-node=\"\">\n<li data-start=\"1222\" data-end=\"1240\">\n<p data-start=\"1224\" data-end=\"1240\">Rainbow \u2013 200g<\/p>\n<\/li>\n<li data-start=\"1241\" data-end=\"1256\">\n<p data-start=\"1243\" data-end=\"1256\">Fire \u2013 120g<\/p>\n<\/li>\n<li data-start=\"1257\" data-end=\"1271\">\n<p data-start=\"1259\" data-end=\"1271\">Ice \u2013 100g<\/p>\n<\/li>\n<li data-start=\"1272\" data-end=\"1289\" data-is-last-node=\"\">\n<p data-start=\"1274\" data-end=\"1289\" data-is-last-node=\"\">Tropical \u2013 120g<\/p>\n<\/li>\n<\/ul>","protected":false},"excerpt":{"rendered":"<p>Podignite svoje 3D \u0161tampe na vi\u0161i nivo uz Polymaker\u2122 HT-PLA Napravljeno za kreatore koji tra\u017ee vrhunske performanse bez komplikacija. Dizajniran da izdr\u017ei temperature do 150\u00b0C, ovaj PLA nove generacije zadr\u017eava svoj oblik \u010dak i pri ekstremnoj toploti \u2014 bez savijanja, bez deformacija, bez kompromisa. Savr\u0161eno jednostavno \u0161tampanje HT-PLA funkcioni\u0161e besprekorno na ve\u0107ini FDM \u0161tampa\u010da koriste\u0107i standardna PLA pode\u0161avanja \u2014 bez potrebe za nadogradnjom ili dodatnim pode\u0161avanjem. Uz brzine \u0161tampe do 300 mm\/s, dobijate profesionalne rezultate br\u017ee nego ikad. Ekolo\u0161ki i visokih performansi U\u017eivajte u pouzdanosti i odr\u017eivosti PLA materijala uz otpornost na toplotu naprednih in\u017eenjerskih polimera. Nije potrebno naknadno obra\u0111ivanje \u2014 samo \u0161tampajte i koristite. 14 izra\u017eajnih, \u017eivopisnih boja Od prototipa do gotovog proizvoda, uskla\u0111ujte svoju viziju sa 14 bogatih i upe\u010datljivih nijansi koje \u0107e svaku \u0161tampu u\u010diniti jedinstvenom. Treba vam jo\u0161 vi\u0161e \u010dvrsto\u0107e? Za mehani\u010dke performanse slede\u0107eg nivoa, pogledajte Polymaker HT-PLA-GF \u2014 verziju oja\u010danu staklenim vlaknima, namenjenu zahtevnim primenama. Te\u017eina ciklusa gradijenta: Rainbow \u2013 200g Fire \u2013 120g Ice \u2013 100g Tropical \u2013 120g<\/p>","protected":false},"featured_media":1137,"template":"","meta":[],"product_brand":[],"product_cat":[103],"product_tag":[],"class_list":{"0":"post-1135","1":"product","2":"type-product","3":"status-publish","4":"has-post-thumbnail","6":"product_cat-ht-pla","7":"pa_color-black","8":"pa_color-yellow","10":"first","11":"outofstock","12":"shipping-taxable","13":"purchasable","14":"product-type-variable"},"_links":{"self":[{"href":"https:\/\/filamenti.rs\/en\/wp-json\/wp\/v2\/product\/1135","targetHints":{"allow":["GET"]}}],"collection":[{"href":"https:\/\/filamenti.rs\/en\/wp-json\/wp\/v2\/product"}],"about":[{"href":"https:\/\/filamenti.rs\/en\/wp-json\/wp\/v2\/types\/product"}],"version-history":[{"count":2,"href":"https:\/\/filamenti.rs\/en\/wp-json\/wp\/v2\/product\/1135\/revisions"}],"predecessor-version":[{"id":1144,"href":"https:\/\/filamenti.rs\/en\/wp-json\/wp\/v2\/product\/1135\/revisions\/1144"}],"wp:featuredmedia":[{"embeddable":true,"href":"https:\/\/filamenti.rs\/en\/wp-json\/wp\/v2\/media\/1137"}],"wp:attachment":[{"href":"https:\/\/filamenti.rs\/en\/wp-json\/wp\/v2\/media?parent=1135"}],"wp:term":[{"taxonomy":"product_brand","embeddable":true,"href":"https:\/\/filamenti.rs\/en\/wp-json\/wp\/v2\/product_brand?post=1135"},{"taxonomy":"product_cat","embeddable":true,"href":"https:\/\/filamenti.rs\/en\/wp-json\/wp\/v2\/product_cat?post=1135"},{"taxonomy":"product_tag","embeddable":true,"href":"https:\/\/filamenti.rs\/en\/wp-json\/wp\/v2\/product_tag?post=1135"}],"curies":[{"name":"wp","href":"https:\/\/api.w.org\/{rel}","templated":true}]}}