{"id":1166,"date":"2025-11-28T01:07:55","date_gmt":"2025-11-28T00:07:55","guid":{"rendered":"https:\/\/filamenti.rs\/?post_type=product&#038;p=1166"},"modified":"2026-03-18T20:26:54","modified_gmt":"2026-03-18T19:26:54","slug":"polyflex-tpu95","status":"publish","type":"product","link":"https:\/\/filamenti.rs\/en\/product\/polyflex-tpu95\/","title":{"rendered":"PolyFlex\u2122 TPU95"},"content":{"rendered":"<p data-start=\"0\" data-end=\"65\"><strong data-start=\"0\" data-end=\"63\">PolyFlex\u2122 TPU95: Svestran, fleksibilan i prijatan za \u0161tampu<\/strong><\/p>\n<h3 data-start=\"67\" data-end=\"108\">Dizajniran za \u0161iroku kompatibilnost<\/h3>\n<p data-start=\"109\" data-end=\"294\"><strong data-start=\"109\" data-end=\"128\">PolyFlex\u2122 TPU95<\/strong> je TPU (termoplasti\u010dni poliuretan) filament razvijen da radi pouzdano na ve\u0107ini desktop 3D \u0161tampa\u010da, \u010dine\u0107i fleksibilnu \u0161tampu dostupnom \u0161irokom spektru korisnika.<\/p>\n<h3 data-start=\"296\" data-end=\"334\">Balans fleksibilnosti i \u010dvrsto\u0107e<\/h3>\n<p data-start=\"335\" data-end=\"578\">Sa <strong data-start=\"338\" data-end=\"360\">shore tvrdo\u0107om 95A<\/strong>, PolyFlex\u2122 TPU95 nudi idealan odnos izme\u0111u fleksibilnosti i lako\u0107e rukovanja. Mo\u017ee da se <strong data-start=\"450\" data-end=\"478\">razvu\u010de vi\u0161e od tri puta<\/strong> u odnosu na prvobitnu du\u017einu, pru\u017eaju\u0107i izuzetnu elasti\u010dnost za funkcionalne i izdr\u017eljive delove.<\/p>\n<h3 data-start=\"580\" data-end=\"613\">Jednostavno iskustvo \u0161tampe<\/h3>\n<p data-start=\"614\" data-end=\"804\">Ovaj filament je optimizovan za pouzdanu i doslednu \u0161tampu, omogu\u0107avaju\u0107i korisnicima da lako dobiju kvalitetne fleksibilne modele bez specijalizovane opreme ili komplikovanih pode\u0161avanja.<\/p>\n<h3 data-start=\"806\" data-end=\"855\">Idealan za funkcionalne, fleksibilne delove<\/h3>\n<p data-start=\"856\" data-end=\"1022\" data-is-last-node=\"\" data-is-only-node=\"\">Izaberite <strong data-start=\"866\" data-end=\"885\">PolyFlex\u2122 TPU95<\/strong> za aplikacije poput za\u0161titnih maski, fleksibilnih konektora, nosivih dodataka i svih delova gde su potrebni <strong data-start=\"994\" data-end=\"1021\">elasti\u010dnost i otpornost<\/strong>.<\/p>","protected":false},"excerpt":{"rendered":"<p>PolyFlex\u2122 TPU95: Svestran, fleksibilan i prijatan za \u0161tampu Dizajniran za \u0161iroku kompatibilnost PolyFlex\u2122 TPU95 je TPU (termoplasti\u010dni poliuretan) filament razvijen da radi pouzdano na ve\u0107ini desktop 3D \u0161tampa\u010da, \u010dine\u0107i fleksibilnu \u0161tampu dostupnom \u0161irokom spektru korisnika. Balans fleksibilnosti i \u010dvrsto\u0107e Sa shore tvrdo\u0107om 95A, PolyFlex\u2122 TPU95 nudi idealan odnos izme\u0111u fleksibilnosti i lako\u0107e rukovanja. Mo\u017ee da se razvu\u010de vi\u0161e od tri puta u odnosu na prvobitnu du\u017einu, pru\u017eaju\u0107i izuzetnu elasti\u010dnost za funkcionalne i izdr\u017eljive delove. Jednostavno iskustvo \u0161tampe Ovaj filament je optimizovan za pouzdanu i doslednu \u0161tampu, omogu\u0107avaju\u0107i korisnicima da lako dobiju kvalitetne fleksibilne modele bez specijalizovane opreme ili komplikovanih pode\u0161avanja. Idealan za funkcionalne, fleksibilne delove Izaberite PolyFlex\u2122 TPU95 za aplikacije poput za\u0161titnih maski, fleksibilnih konektora, nosivih dodataka i svih delova gde su potrebni elasti\u010dnost i otpornost.<\/p>","protected":false},"featured_media":1167,"template":"","meta":[],"product_brand":[],"product_cat":[110],"product_tag":[],"class_list":{"0":"post-1166","1":"product","2":"type-product","3":"status-publish","4":"has-post-thumbnail","6":"product_cat-polyflex","7":"pa_color-black","8":"pa_color-white","9":"pa_net-weight-075kg","11":"first","12":"instock","13":"shipping-taxable","14":"purchasable","15":"product-type-variable"},"_links":{"self":[{"href":"https:\/\/filamenti.rs\/en\/wp-json\/wp\/v2\/product\/1166","targetHints":{"allow":["GET"]}}],"collection":[{"href":"https:\/\/filamenti.rs\/en\/wp-json\/wp\/v2\/product"}],"about":[{"href":"https:\/\/filamenti.rs\/en\/wp-json\/wp\/v2\/types\/product"}],"version-history":[{"count":2,"href":"https:\/\/filamenti.rs\/en\/wp-json\/wp\/v2\/product\/1166\/revisions"}],"predecessor-version":[{"id":1329,"href":"https:\/\/filamenti.rs\/en\/wp-json\/wp\/v2\/product\/1166\/revisions\/1329"}],"wp:featuredmedia":[{"embeddable":true,"href":"https:\/\/filamenti.rs\/en\/wp-json\/wp\/v2\/media\/1167"}],"wp:attachment":[{"href":"https:\/\/filamenti.rs\/en\/wp-json\/wp\/v2\/media?parent=1166"}],"wp:term":[{"taxonomy":"product_brand","embeddable":true,"href":"https:\/\/filamenti.rs\/en\/wp-json\/wp\/v2\/product_brand?post=1166"},{"taxonomy":"product_cat","embeddable":true,"href":"https:\/\/filamenti.rs\/en\/wp-json\/wp\/v2\/product_cat?post=1166"},{"taxonomy":"product_tag","embeddable":true,"href":"https:\/\/filamenti.rs\/en\/wp-json\/wp\/v2\/product_tag?post=1166"}],"curies":[{"name":"wp","href":"https:\/\/api.w.org\/{rel}","templated":true}]}}