{"id":1170,"date":"2025-11-28T01:22:07","date_gmt":"2025-11-28T00:22:07","guid":{"rendered":"https:\/\/filamenti.rs\/?post_type=product&#038;p=1170"},"modified":"2025-12-21T18:06:36","modified_gmt":"2025-12-21T17:06:36","slug":"fiberon-pa6-gf25","status":"publish","type":"product","link":"https:\/\/filamenti.rs\/en\/product\/fiberon-pa6-gf25\/","title":{"rendered":"Fiberon\u2122 PPS-CF"},"content":{"rendered":"<p data-start=\"0\" data-end=\"76\"><strong data-start=\"0\" data-end=\"76\">Fiberon\u2122 PPS-CF10: Profesionalni karbonskim vlaknima oja\u010dan PPS filament<\/strong><\/p>\n<h3 data-start=\"83\" data-end=\"121\"><strong data-start=\"87\" data-end=\"121\">Dizajniran za ekstremne uslove<\/strong><\/h3>\n<p data-start=\"122\" data-end=\"422\"><strong data-start=\"122\" data-end=\"143\">Fiberon\u2122 PPS-CF10<\/strong> je visokoperformansni filament napravljen od <em data-start=\"189\" data-end=\"216\">polifenilen sulfida (PPS)<\/em> oja\u010danog sa 10% karbonskih vlakana. Ovaj napredni materijal namenjen je profesionalcima koji zahtevaju izuzetnu mehani\u010dku \u010dvrsto\u0107u, dimenzionu stabilnost i dugotrajnost \u010dak i u najzahtevnijim aplikacijama.<\/p>\n<h3 data-start=\"429\" data-end=\"457\"><strong data-start=\"433\" data-end=\"457\">Izuzetne performanse<\/strong><\/h3>\n<ul data-start=\"459\" data-end=\"1165\">\n<li data-start=\"459\" data-end=\"587\">\n<p data-start=\"461\" data-end=\"587\"><strong data-start=\"461\" data-end=\"488\">Minimalno deformisanje:<\/strong> \u0160tampa se sa odli\u010dnom dimenzionom precizno\u0161\u0107u i gotovo bez uvijanja, \u010dak i bez zagrejane komore.<\/p>\n<\/li>\n<li data-start=\"588\" data-end=\"752\">\n<p data-start=\"590\" data-end=\"752\"><strong data-start=\"590\" data-end=\"622\">Visoka otpornost na toplotu:<\/strong> Zadr\u017eava strukturalni integritet na povi\u0161enim temperaturama \u2014 idealno za autoindustriju, aeronautiku i industrijske aplikacije.<\/p>\n<\/li>\n<li data-start=\"753\" data-end=\"900\">\n<p data-start=\"755\" data-end=\"900\"><strong data-start=\"755\" data-end=\"787\">Izuzetna hemijska otpornost:<\/strong> Odoleva izlaganju agresivnim hemikalijama i rastvara\u010dima, obezbe\u0111uju\u0107i dugotrajan rad u zahtevnim okru\u017eenjima.<\/p>\n<\/li>\n<li data-start=\"901\" data-end=\"1037\">\n<p data-start=\"903\" data-end=\"1037\"><strong data-start=\"903\" data-end=\"930\">V0 otpornost na plamen:<\/strong> V0 flame-retardant klasifikacija pru\u017ea dodatnu sigurnost za elektri\u010dne i visoko-temperaturne komponente.<\/p>\n<\/li>\n<li data-start=\"1038\" data-end=\"1165\">\n<p data-start=\"1040\" data-end=\"1165\"><strong data-start=\"1040\" data-end=\"1071\">Niska osetljivost na vlagu:<\/strong> Radi pouzdano bez potrebe za intenzivnim predsu\u0161enjem, \u0161to olak\u0161ava skladi\u0161tenje i rukovanje.<\/p>\n<\/li>\n<\/ul>\n<h3 data-start=\"1172\" data-end=\"1222\"><strong data-start=\"1176\" data-end=\"1222\">Jednostavnija \u0161tampa za napredne korisnike<\/strong><\/h3>\n<p data-start=\"1223\" data-end=\"1432\">Uprkos industrijskim svojstvima, <strong data-start=\"1256\" data-end=\"1277\">Fiberon\u2122 PPS-CF10<\/strong> je optimizovan da bude lak\u0161i za \u0161tampu. Ne zahteva zagrejanu komoru, pa je pogodan za visokoperformansne desktop \u0161tampa\u010de opremljene <em data-start=\"1411\" data-end=\"1431\">otvrdnutim diznama<\/em>.<\/p>\n<h3 data-start=\"1439\" data-end=\"1466\"><strong data-start=\"1443\" data-end=\"1466\">Preporu\u010dene primene<\/strong><\/h3>\n<p data-start=\"1467\" data-end=\"1484\">Savr\u0161en izbor za:<\/p>\n<ul data-start=\"1486\" data-end=\"1691\">\n<li data-start=\"1486\" data-end=\"1514\">\n<p data-start=\"1488\" data-end=\"1514\">funkcionalne prototipove<\/p>\n<\/li>\n<li data-start=\"1515\" data-end=\"1547\">\n<p data-start=\"1517\" data-end=\"1547\">krajnje, upotrebljive delove<\/p>\n<\/li>\n<li data-start=\"1548\" data-end=\"1574\">\n<p data-start=\"1550\" data-end=\"1574\">auto i aero komponente<\/p>\n<\/li>\n<li data-start=\"1575\" data-end=\"1597\">\n<p data-start=\"1577\" data-end=\"1597\">elektri\u010dna ku\u0107i\u0161ta<\/p>\n<\/li>\n<li data-start=\"1598\" data-end=\"1691\">\n<p data-start=\"1600\" data-end=\"1691\">sve projekte gde su potrebni mehani\u010dka \u010dvrsto\u0107a, otpornost na toplotu i hemijska stabilnost<\/p>\n<\/li>\n<\/ul>\n<p data-start=\"1698\" data-end=\"1843\" data-is-last-node=\"\" data-is-only-node=\"\">Birajte <strong data-start=\"1706\" data-end=\"1727\">Fiberon\u2122 PPS-CF10<\/strong> kada va\u0161 projekat zahteva <em data-start=\"1754\" data-end=\"1781\">profesionalne performanse<\/em>, vrhunsku pouzdanost i sposobnost da izdr\u017ei ekstremne uslove.<\/p>","protected":false},"excerpt":{"rendered":"<p>Fiberon\u2122 PPS-CF10: Profesionalni karbonskim vlaknima oja\u010dan PPS filament Dizajniran za ekstremne uslove Fiberon\u2122 PPS-CF10 je visokoperformansni filament napravljen od polifenilen sulfida (PPS) oja\u010danog sa 10% karbonskih vlakana. Ovaj napredni materijal namenjen je profesionalcima koji zahtevaju izuzetnu mehani\u010dku \u010dvrsto\u0107u, dimenzionu stabilnost i dugotrajnost \u010dak i u najzahtevnijim aplikacijama. Izuzetne performanse Minimalno deformisanje: \u0160tampa se sa odli\u010dnom dimenzionom precizno\u0161\u0107u i gotovo bez uvijanja, \u010dak i bez zagrejane komore. Visoka otpornost na toplotu: Zadr\u017eava strukturalni integritet na povi\u0161enim temperaturama \u2014 idealno za autoindustriju, aeronautiku i industrijske aplikacije. Izuzetna hemijska otpornost: Odoleva izlaganju agresivnim hemikalijama i rastvara\u010dima, obezbe\u0111uju\u0107i dugotrajan rad u zahtevnim okru\u017eenjima. V0 otpornost na plamen: V0 flame-retardant klasifikacija pru\u017ea dodatnu sigurnost za elektri\u010dne i visoko-temperaturne komponente. Niska osetljivost na vlagu: Radi pouzdano bez potrebe za intenzivnim predsu\u0161enjem, \u0161to olak\u0161ava skladi\u0161tenje i rukovanje. Jednostavnija \u0161tampa za napredne korisnike Uprkos industrijskim svojstvima, Fiberon\u2122 PPS-CF10 je optimizovan da bude lak\u0161i za \u0161tampu. Ne zahteva zagrejanu komoru, pa je pogodan za visokoperformansne desktop \u0161tampa\u010de opremljene otvrdnutim diznama. Preporu\u010dene primene Savr\u0161en izbor za: funkcionalne prototipove krajnje, upotrebljive delove auto i aero komponente elektri\u010dna ku\u0107i\u0161ta sve projekte gde su potrebni mehani\u010dka \u010dvrsto\u0107a, otpornost na toplotu i hemijska stabilnost Birajte Fiberon\u2122 PPS-CF10 kada va\u0161 projekat zahteva profesionalne performanse, vrhunsku pouzdanost i sposobnost da izdr\u017ei ekstremne uslove.<\/p>","protected":false},"featured_media":1179,"template":"","meta":[],"product_brand":[],"product_cat":[52],"product_tag":[],"class_list":{"0":"post-1170","1":"product","2":"type-product","3":"status-publish","4":"has-post-thumbnail","6":"product_cat-fiberon","7":"pa_color-black","8":"pa_net-weight-05kg","10":"first","11":"outofstock","12":"shipping-taxable","13":"purchasable","14":"product-type-simple"},"_links":{"self":[{"href":"https:\/\/filamenti.rs\/en\/wp-json\/wp\/v2\/product\/1170","targetHints":{"allow":["GET"]}}],"collection":[{"href":"https:\/\/filamenti.rs\/en\/wp-json\/wp\/v2\/product"}],"about":[{"href":"https:\/\/filamenti.rs\/en\/wp-json\/wp\/v2\/types\/product"}],"version-history":[{"count":2,"href":"https:\/\/filamenti.rs\/en\/wp-json\/wp\/v2\/product\/1170\/revisions"}],"predecessor-version":[{"id":1265,"href":"https:\/\/filamenti.rs\/en\/wp-json\/wp\/v2\/product\/1170\/revisions\/1265"}],"wp:featuredmedia":[{"embeddable":true,"href":"https:\/\/filamenti.rs\/en\/wp-json\/wp\/v2\/media\/1179"}],"wp:attachment":[{"href":"https:\/\/filamenti.rs\/en\/wp-json\/wp\/v2\/media?parent=1170"}],"wp:term":[{"taxonomy":"product_brand","embeddable":true,"href":"https:\/\/filamenti.rs\/en\/wp-json\/wp\/v2\/product_brand?post=1170"},{"taxonomy":"product_cat","embeddable":true,"href":"https:\/\/filamenti.rs\/en\/wp-json\/wp\/v2\/product_cat?post=1170"},{"taxonomy":"product_tag","embeddable":true,"href":"https:\/\/filamenti.rs\/en\/wp-json\/wp\/v2\/product_tag?post=1170"}],"curies":[{"name":"wp","href":"https:\/\/api.w.org\/{rel}","templated":true}]}}