{"id":1182,"date":"2025-11-28T01:27:30","date_gmt":"2025-11-28T00:27:30","guid":{"rendered":"https:\/\/filamenti.rs\/?post_type=product&#038;p=1182"},"modified":"2025-12-21T18:07:44","modified_gmt":"2025-12-21T17:07:44","slug":"fiberon-pa6-gf25-2","status":"publish","type":"product","link":"https:\/\/filamenti.rs\/en\/product\/fiberon-pa6-gf25-2\/","title":{"rendered":"Fiberon\u2122 PA6-GF25"},"content":{"rendered":"<p data-start=\"0\" data-end=\"76\"><strong data-start=\"0\" data-end=\"76\">Fiberon\u2122 PA6-GF25: Visokoperformansni najlon 6 oja\u010dan staklenim vlaknima<\/strong><\/p>\n<h3 data-start=\"83\" data-end=\"140\"><strong data-start=\"87\" data-end=\"140\">Izuzetna \u010dvrsto\u0107a, krutost i otpornost na toplotu<\/strong><\/h3>\n<p data-start=\"141\" data-end=\"448\"><strong data-start=\"141\" data-end=\"162\">Fiberon\u2122 PA6-GF25<\/strong> je PA6 (Najlon 6) filament oja\u010dan sa <strong data-start=\"200\" data-end=\"235\">25% staklenih vlakana po te\u017eini<\/strong>. Ovaj napredni kompozit donosi vrhunsku mehani\u010dku \u010dvrsto\u0107u, visoku krutost i odli\u010dna termi\u010dka svojstva, \u0161to ga \u010dini idealnim izborom za zahtevne in\u017eenjerske, automobilske, vazduhoplovne i industrijske aplikacije.<\/p>\n<h3 data-start=\"455\" data-end=\"485\"><strong data-start=\"459\" data-end=\"485\">Klju\u010dne karakteristike<\/strong><\/h3>\n<ul data-start=\"487\" data-end=\"1044\">\n<li data-start=\"487\" data-end=\"578\">\n<p data-start=\"489\" data-end=\"578\"><strong data-start=\"489\" data-end=\"515\">25% staklenih vlakana:<\/strong> Zna\u010dajno pove\u0107ava krutost, \u010dvrsto\u0107u i dimenzionu stabilnost.<\/p>\n<\/li>\n<li data-start=\"579\" data-end=\"694\">\n<p data-start=\"581\" data-end=\"694\"><strong data-start=\"581\" data-end=\"614\">Odli\u010dna otpornost na toplotu:<\/strong> Podnosi vrlo visoke temperature \u2013 <strong data-start=\"649\" data-end=\"691\">HDT do 191\u00b0C nakon \u017earenja (annealing)<\/strong>.<\/p>\n<\/li>\n<li data-start=\"695\" data-end=\"807\">\n<p data-start=\"697\" data-end=\"807\"><strong data-start=\"697\" data-end=\"729\">Superiorna adhezija slojeva:<\/strong> Obezbe\u0111uje sna\u017eno povezivanje izme\u0111u slojeva za izuzetno izdr\u017eljive delove.<\/p>\n<\/li>\n<li data-start=\"808\" data-end=\"983\">\n<p data-start=\"810\" data-end=\"983\"><strong data-start=\"810\" data-end=\"833\">Minimalno uvijanje:<\/strong> Warp-Free\u2122 tehnologija omogu\u0107ava \u0161tampu na ni\u017eim temperaturama grejne plo\u010de (40\u201350\u00b0C), smanjuju\u0107i rizik od deformacija i pobolj\u0161avaju\u0107i preciznost.<\/p>\n<\/li>\n<li data-start=\"984\" data-end=\"1044\">\n<p data-start=\"986\" data-end=\"1044\"><strong data-start=\"986\" data-end=\"1011\">Visoka brzina \u0161tampe:<\/strong> Podr\u017eava brzine do <strong data-start=\"1031\" data-end=\"1043\">300 mm\/s<\/strong>.<\/p>\n<\/li>\n<\/ul>\n<h3 data-start=\"1051\" data-end=\"1103\"><strong data-start=\"1055\" data-end=\"1103\">Jednostavnija upotreba za napredne korisnike<\/strong><\/h3>\n<p data-start=\"1104\" data-end=\"1345\">Za razliku od mnogih drugih najlona oja\u010danih vlaknima, <strong data-start=\"1159\" data-end=\"1208\">Fiberon\u2122 PA6-GF25 ne zahteva zagrejanu komoru<\/strong>, i pouzdano se \u0161tampa na visokoperformansnim FDM\/FFF stampacima sa <strong data-start=\"1276\" data-end=\"1306\">otvrdnutom \u010deli\u010dnom diznom<\/strong> (zbog abrazivnosti staklenih vlakana).<\/p>\n<p data-start=\"1347\" data-end=\"1382\"><strong data-start=\"1347\" data-end=\"1382\">Preporuke za najbolji rezultat:<\/strong><\/p>\n<ul data-start=\"1383\" data-end=\"1514\">\n<li data-start=\"1383\" data-end=\"1413\">\n<p data-start=\"1385\" data-end=\"1413\">Su\u0161iti filament pre \u0161tampe<\/p>\n<\/li>\n<li data-start=\"1414\" data-end=\"1514\">\n<p data-start=\"1416\" data-end=\"1514\">Obavezno izvr\u0161iti <em data-start=\"1434\" data-end=\"1445\">annealing<\/em> (100\u00b0C tokom 10\u201316 sati) za maksimalna mehani\u010dka i termi\u010dka svojstva<\/p>\n<\/li>\n<\/ul>\n<h3 data-start=\"1521\" data-end=\"1561\"><strong data-start=\"1525\" data-end=\"1561\">Ista proverena formula, novo ime<\/strong><\/h3>\n<p data-start=\"1562\" data-end=\"1673\"><strong data-start=\"1562\" data-end=\"1583\">Fiberon\u2122 PA6-GF25<\/strong> je isti visokoperformansni materijal kao <strong data-start=\"1625\" data-end=\"1645\">PolyMide\u2122 PA6-GF<\/strong>, sada pod Fiberon\u2122 brendom.<\/p>\n<p data-start=\"1680\" data-end=\"1865\">Birajte <strong data-start=\"1688\" data-end=\"1709\">Fiberon\u2122 PA6-GF25<\/strong> za aplikacije koje zahtevaju maksimalnu \u010dvrsto\u0107u, krutost i otpornost na toplotu \u2014 bez kompromisa u pogledu \u0161tampivosti ili kvaliteta spoja izme\u0111u slojeva.<\/p>\n<p data-start=\"1867\" data-end=\"1904\" data-is-last-node=\"\" data-is-only-node=\"\"><em data-start=\"1867\" data-end=\"1904\" data-is-last-node=\"\">Ranije poznat kao PolyMide\u2122 PA6-GF.<\/em><\/p>","protected":false},"excerpt":{"rendered":"<p>Fiberon\u2122 PA6-GF25: Visokoperformansni najlon 6 oja\u010dan staklenim vlaknima Izuzetna \u010dvrsto\u0107a, krutost i otpornost na toplotu Fiberon\u2122 PA6-GF25 je PA6 (Najlon 6) filament oja\u010dan sa 25% staklenih vlakana po te\u017eini. Ovaj napredni kompozit donosi vrhunsku mehani\u010dku \u010dvrsto\u0107u, visoku krutost i odli\u010dna termi\u010dka svojstva, \u0161to ga \u010dini idealnim izborom za zahtevne in\u017eenjerske, automobilske, vazduhoplovne i industrijske aplikacije. Klju\u010dne karakteristike 25% staklenih vlakana: Zna\u010dajno pove\u0107ava krutost, \u010dvrsto\u0107u i dimenzionu stabilnost. Odli\u010dna otpornost na toplotu: Podnosi vrlo visoke temperature \u2013 HDT do 191\u00b0C nakon \u017earenja (annealing). Superiorna adhezija slojeva: Obezbe\u0111uje sna\u017eno povezivanje izme\u0111u slojeva za izuzetno izdr\u017eljive delove. Minimalno uvijanje: Warp-Free\u2122 tehnologija omogu\u0107ava \u0161tampu na ni\u017eim temperaturama grejne plo\u010de (40\u201350\u00b0C), smanjuju\u0107i rizik od deformacija i pobolj\u0161avaju\u0107i preciznost. Visoka brzina \u0161tampe: Podr\u017eava brzine do 300 mm\/s. Jednostavnija upotreba za napredne korisnike Za razliku od mnogih drugih najlona oja\u010danih vlaknima, Fiberon\u2122 PA6-GF25 ne zahteva zagrejanu komoru, i pouzdano se \u0161tampa na visokoperformansnim FDM\/FFF stampacima sa otvrdnutom \u010deli\u010dnom diznom (zbog abrazivnosti staklenih vlakana). Preporuke za najbolji rezultat: Su\u0161iti filament pre \u0161tampe Obavezno izvr\u0161iti annealing (100\u00b0C tokom 10\u201316 sati) za maksimalna mehani\u010dka i termi\u010dka svojstva Ista proverena formula, novo ime Fiberon\u2122 PA6-GF25 je isti visokoperformansni materijal kao PolyMide\u2122 PA6-GF, sada pod Fiberon\u2122 brendom. Birajte Fiberon\u2122 PA6-GF25 za aplikacije koje zahtevaju maksimalnu \u010dvrsto\u0107u, krutost i otpornost na toplotu \u2014 bez kompromisa u pogledu \u0161tampivosti ili kvaliteta spoja izme\u0111u slojeva. Ranije poznat kao PolyMide\u2122 PA6-GF.<\/p>","protected":false},"featured_media":1183,"template":"","meta":[],"product_brand":[],"product_cat":[52],"product_tag":[],"class_list":{"0":"post-1182","1":"product","2":"type-product","3":"status-publish","4":"has-post-thumbnail","6":"product_cat-fiberon","7":"pa_color-grey","8":"pa_net-weight-05kg","10":"first","11":"outofstock","12":"shipping-taxable","13":"purchasable","14":"product-type-simple"},"_links":{"self":[{"href":"https:\/\/filamenti.rs\/en\/wp-json\/wp\/v2\/product\/1182","targetHints":{"allow":["GET"]}}],"collection":[{"href":"https:\/\/filamenti.rs\/en\/wp-json\/wp\/v2\/product"}],"about":[{"href":"https:\/\/filamenti.rs\/en\/wp-json\/wp\/v2\/types\/product"}],"version-history":[{"count":1,"href":"https:\/\/filamenti.rs\/en\/wp-json\/wp\/v2\/product\/1182\/revisions"}],"predecessor-version":[{"id":1184,"href":"https:\/\/filamenti.rs\/en\/wp-json\/wp\/v2\/product\/1182\/revisions\/1184"}],"wp:featuredmedia":[{"embeddable":true,"href":"https:\/\/filamenti.rs\/en\/wp-json\/wp\/v2\/media\/1183"}],"wp:attachment":[{"href":"https:\/\/filamenti.rs\/en\/wp-json\/wp\/v2\/media?parent=1182"}],"wp:term":[{"taxonomy":"product_brand","embeddable":true,"href":"https:\/\/filamenti.rs\/en\/wp-json\/wp\/v2\/product_brand?post=1182"},{"taxonomy":"product_cat","embeddable":true,"href":"https:\/\/filamenti.rs\/en\/wp-json\/wp\/v2\/product_cat?post=1182"},{"taxonomy":"product_tag","embeddable":true,"href":"https:\/\/filamenti.rs\/en\/wp-json\/wp\/v2\/product_tag?post=1182"}],"curies":[{"name":"wp","href":"https:\/\/api.w.org\/{rel}","templated":true}]}}