{"id":1191,"date":"2025-11-28T01:37:04","date_gmt":"2025-11-28T00:37:04","guid":{"rendered":"https:\/\/filamenti.rs\/?post_type=product&#038;p=1191"},"modified":"2025-12-21T18:02:52","modified_gmt":"2025-12-21T17:02:52","slug":"fiberon-pa612-cf15","status":"publish","type":"product","link":"https:\/\/filamenti.rs\/en\/product\/fiberon-pa612-cf15\/","title":{"rendered":"Fiberon\u2122 PA612-CF15"},"content":{"rendered":"<p data-start=\"72\" data-end=\"139\"><strong data-start=\"72\" data-end=\"139\">Fiberon\u2122 PA612-CF15: Napredni PA612 oja\u010dan ugljeni\u010dnim vlaknima<\/strong><\/p>\n<p data-start=\"141\" data-end=\"515\"><strong data-start=\"141\" data-end=\"179\">Superiorne in\u017eenjerske performanse<\/strong><br data-start=\"179\" data-end=\"182\" \/>Fiberon\u2122 PA612-CF15 je filament od dugolan\u010danog kopoliamida (PA612) oja\u010danog ugljeni\u010dnim vlaknima, namenjen visokoperformansnim in\u017eenjerskim aplikacijama. Njegova jedinstvena hemijska struktura obezbe\u0111uje znatno ni\u017eu osetljivost na vlagu u pore\u0111enju sa klasi\u010dnim PA6\/66 i PA6 najlonima, uz bolje mehani\u010dke osobine od PA12 materijala.<\/p>\n<p data-start=\"517\" data-end=\"555\"><strong data-start=\"517\" data-end=\"555\">Klju\u010dne karakteristike i prednosti<\/strong><\/p>\n<ul data-start=\"557\" data-end=\"1321\">\n<li data-start=\"557\" data-end=\"711\">\n<p data-start=\"559\" data-end=\"711\"><strong data-start=\"559\" data-end=\"590\">Niska osetljivost na vlagu:<\/strong> Odr\u017eava dimenzionu stabilnost i mehani\u010dku \u010dvrsto\u0107u \u010dak i u vla\u017enim okru\u017eenjima, smanjuju\u0107i potrebu za \u010destim su\u0161enjem.<\/p>\n<\/li>\n<li data-start=\"712\" data-end=\"874\">\n<p data-start=\"714\" data-end=\"874\"><strong data-start=\"714\" data-end=\"747\">Pobolj\u0161ane mehani\u010dke osobine:<\/strong> Nadma\u0161uje PA12 filament u zateznoj \u010dvrsto\u0107i, krutosti i izdr\u017eljivosti, \u0161to ga \u010dini idealnim za zahtevne funkcionalne delove.<\/p>\n<\/li>\n<li data-start=\"875\" data-end=\"1015\">\n<p data-start=\"877\" data-end=\"1015\"><strong data-start=\"877\" data-end=\"911\">Oja\u010danje ugljeni\u010dnim vlaknima:<\/strong> Sadr\u017ei 15% ugljeni\u010dnih vlakana za vrhunsku krutost, veliku \u010dvrsto\u0107u i unapre\u0111enu termalnu stabilnost.<\/p>\n<\/li>\n<li data-start=\"1016\" data-end=\"1156\">\n<p data-start=\"1018\" data-end=\"1156\"><strong data-start=\"1018\" data-end=\"1044\">Warpfree\u2122 tehnologija:<\/strong> Posebna formulacija minimizuje uvijanje i obezbe\u0111uje stabilnost pri \u0161tampanju velikih ili kompleksnih modela.<\/p>\n<\/li>\n<li data-start=\"1157\" data-end=\"1321\">\n<p data-start=\"1159\" data-end=\"1321\"><strong data-start=\"1159\" data-end=\"1185\">Konzistentan kvalitet:<\/strong> Fiberon\u2122 PA612-CF15 ima istu proverenu formulu kao PolyMide\u2122 PA612-CF, ali mo\u017ee davati ne\u0161to tamniju nijansu crne boje prilikom \u0161tampe.<\/p>\n<\/li>\n<\/ul>\n<p data-start=\"1323\" data-end=\"1570\"><strong data-start=\"1323\" data-end=\"1372\">Idealno za industrijske i in\u017eenjerske primene<\/strong><br data-start=\"1372\" data-end=\"1375\" \/>Savr\u0161en je za automobilska i aerosvemirska re\u0161enja, robotiku, alate, fiksture, nosa\u010de i krajnje funkcionalne komponente gde su va\u017eni stabilnost, otpornost na vlagu i visoke mehani\u010dke performanse.<\/p>\n<p data-start=\"1572\" data-end=\"1783\">Izaberite Fiberon\u2122 PA612-CF15 za najzahtevnije projekte kada vam je potreban najlon oja\u010dan karbonom koji kombinuje nisku apsorpciju vlage, superiorne mehani\u010dke karakteristike i vrhunsku pouzdanost pri \u0161tampanju.<\/p>\n<p data-start=\"1785\" data-end=\"1947\">Fiberon\u2122 PA612-CF15 je ista proverena formula kao PolyMide PA612-CF, iako Fiberon\u2122 PA612-CF15 mo\u017ee imati ne\u0161to tamniju nijansu crne u odnosu na prethodnu verziju.<\/p>","protected":false},"excerpt":{"rendered":"<p>Fiberon\u2122 PA612-CF15: Napredni PA612 oja\u010dan ugljeni\u010dnim vlaknima Superiorne in\u017eenjerske performanseFiberon\u2122 PA612-CF15 je filament od dugolan\u010danog kopoliamida (PA612) oja\u010danog ugljeni\u010dnim vlaknima, namenjen visokoperformansnim in\u017eenjerskim aplikacijama. Njegova jedinstvena hemijska struktura obezbe\u0111uje znatno ni\u017eu osetljivost na vlagu u pore\u0111enju sa klasi\u010dnim PA6\/66 i PA6 najlonima, uz bolje mehani\u010dke osobine od PA12 materijala. Klju\u010dne karakteristike i prednosti Niska osetljivost na vlagu: Odr\u017eava dimenzionu stabilnost i mehani\u010dku \u010dvrsto\u0107u \u010dak i u vla\u017enim okru\u017eenjima, smanjuju\u0107i potrebu za \u010destim su\u0161enjem. Pobolj\u0161ane mehani\u010dke osobine: Nadma\u0161uje PA12 filament u zateznoj \u010dvrsto\u0107i, krutosti i izdr\u017eljivosti, \u0161to ga \u010dini idealnim za zahtevne funkcionalne delove. Oja\u010danje ugljeni\u010dnim vlaknima: Sadr\u017ei 15% ugljeni\u010dnih vlakana za vrhunsku krutost, veliku \u010dvrsto\u0107u i unapre\u0111enu termalnu stabilnost. Warpfree\u2122 tehnologija: Posebna formulacija minimizuje uvijanje i obezbe\u0111uje stabilnost pri \u0161tampanju velikih ili kompleksnih modela. Konzistentan kvalitet: Fiberon\u2122 PA612-CF15 ima istu proverenu formulu kao PolyMide\u2122 PA612-CF, ali mo\u017ee davati ne\u0161to tamniju nijansu crne boje prilikom \u0161tampe. Idealno za industrijske i in\u017eenjerske primeneSavr\u0161en je za automobilska i aerosvemirska re\u0161enja, robotiku, alate, fiksture, nosa\u010de i krajnje funkcionalne komponente gde su va\u017eni stabilnost, otpornost na vlagu i visoke mehani\u010dke performanse. Izaberite Fiberon\u2122 PA612-CF15 za najzahtevnije projekte kada vam je potreban najlon oja\u010dan karbonom koji kombinuje nisku apsorpciju vlage, superiorne mehani\u010dke karakteristike i vrhunsku pouzdanost pri \u0161tampanju. Fiberon\u2122 PA612-CF15 je ista proverena formula kao PolyMide PA612-CF, iako Fiberon\u2122 PA612-CF15 mo\u017ee imati ne\u0161to tamniju nijansu crne u odnosu na prethodnu verziju.<\/p>","protected":false},"featured_media":1193,"template":"","meta":[],"product_brand":[],"product_cat":[52],"product_tag":[],"class_list":{"0":"post-1191","1":"product","2":"type-product","3":"status-publish","4":"has-post-thumbnail","6":"product_cat-fiberon","7":"pa_color-black","8":"pa_net-weight-05kg","10":"first","11":"outofstock","12":"shipping-taxable","13":"purchasable","14":"product-type-simple"},"_links":{"self":[{"href":"https:\/\/filamenti.rs\/en\/wp-json\/wp\/v2\/product\/1191","targetHints":{"allow":["GET"]}}],"collection":[{"href":"https:\/\/filamenti.rs\/en\/wp-json\/wp\/v2\/product"}],"about":[{"href":"https:\/\/filamenti.rs\/en\/wp-json\/wp\/v2\/types\/product"}],"version-history":[{"count":1,"href":"https:\/\/filamenti.rs\/en\/wp-json\/wp\/v2\/product\/1191\/revisions"}],"predecessor-version":[{"id":1194,"href":"https:\/\/filamenti.rs\/en\/wp-json\/wp\/v2\/product\/1191\/revisions\/1194"}],"wp:featuredmedia":[{"embeddable":true,"href":"https:\/\/filamenti.rs\/en\/wp-json\/wp\/v2\/media\/1193"}],"wp:attachment":[{"href":"https:\/\/filamenti.rs\/en\/wp-json\/wp\/v2\/media?parent=1191"}],"wp:term":[{"taxonomy":"product_brand","embeddable":true,"href":"https:\/\/filamenti.rs\/en\/wp-json\/wp\/v2\/product_brand?post=1191"},{"taxonomy":"product_cat","embeddable":true,"href":"https:\/\/filamenti.rs\/en\/wp-json\/wp\/v2\/product_cat?post=1191"},{"taxonomy":"product_tag","embeddable":true,"href":"https:\/\/filamenti.rs\/en\/wp-json\/wp\/v2\/product_tag?post=1191"}],"curies":[{"name":"wp","href":"https:\/\/api.w.org\/{rel}","templated":true}]}}