{"id":1198,"date":"2025-11-28T01:42:09","date_gmt":"2025-11-28T00:42:09","guid":{"rendered":"https:\/\/filamenti.rs\/?post_type=product&#038;p=1198"},"modified":"2026-03-02T16:02:09","modified_gmt":"2026-03-02T15:02:09","slug":"polydryer-box","status":"publish","type":"product","link":"https:\/\/filamenti.rs\/en\/product\/polydryer-box\/","title":{"rendered":"PolyDryer\u2122 Box"},"content":{"rendered":"<p data-start=\"72\" data-end=\"209\"><strong data-start=\"72\" data-end=\"135\">PolyDryer\u2122 je dizajniran i razvijen u saradnji sa FabNotion<\/strong><br data-start=\"135\" data-end=\"138\" \/>Kada se su\u0161enje spoji sa skladi\u0161tenjem. Novi standard u nezi filamenta!<\/p>\n<p data-start=\"211\" data-end=\"401\"><strong data-start=\"211\" data-end=\"231\">Su\u0161i i skladi\u0161ti<\/strong><br data-start=\"231\" data-end=\"234\" \/><em data-start=\"234\" data-end=\"256\">Sve u jednom re\u0161enju<\/em><br data-start=\"256\" data-end=\"259\" \/>Uz jednu su\u0161nu bazu (drying dock) mo\u017eete dodati onoliko PolyDryer kutija koliko vam je potrebno, tako da je va\u0161 slede\u0107i projekat uvek spreman.<\/p>\n<p data-start=\"403\" data-end=\"573\"><strong data-start=\"403\" data-end=\"427\">Vrhunska zaptivenost<\/strong><br data-start=\"427\" data-end=\"430\" \/><em data-start=\"430\" data-end=\"468\">Nikada vi\u0161e ne morate \u201elomiti pe\u010dat\u201c<\/em><br data-start=\"468\" data-end=\"471\" \/>Ne brinite da \u0107e vlaga uni\u0161titi va\u0161e printove \u2013 PolyDryer kutija pru\u017ea najbolje zaptivanje na tr\u017ei\u0161tu.<\/p>\n<p data-start=\"575\" data-end=\"801\"><strong data-start=\"575\" data-end=\"595\">Efikasno su\u0161enje<\/strong><br data-start=\"595\" data-end=\"598\" \/><em data-start=\"598\" data-end=\"636\">Vra\u0107a \u017eivot zaboravljenim kalemovima<\/em><br data-start=\"636\" data-end=\"639\" \/>360\u00b0 protok vazduha obezbe\u0111uje ravnomerno su\u0161enje bez o\u0161te\u0107ivanja filamenta. Kompatibilan je sa svim popularnim 3D materijalima uz 3 unapred pode\u0161ena nivoa snage.<\/p>\n<p data-start=\"803\" data-end=\"924\"><strong data-start=\"803\" data-end=\"827\">Kontinuirano su\u0161enje<\/strong><br data-start=\"827\" data-end=\"830\" \/>Omogu\u0107ava stalno su\u0161enje filamenta tokom skladi\u0161tenja, elimini\u0161u\u0107i brige oko apsorpcije vlage.<\/p>\n<p data-start=\"926\" data-end=\"1046\"><strong data-start=\"926\" data-end=\"948\">Svestrana veli\u010dina<\/strong><br data-start=\"948\" data-end=\"951\" \/>Kompatibilan sa razli\u010ditim veli\u010dinama kalema do 1 kg, sa centralnim dr\u017ea\u010dem za glatku rotaciju.<\/p>\n<p data-start=\"1048\" data-end=\"1166\"><strong data-start=\"1048\" data-end=\"1069\">Dodatci za \u0161tampu<\/strong><br data-start=\"1069\" data-end=\"1072\" \/>Personalizujte svoj sistem uz dodatke za \u0161tampu \u2013 za ka\u010denje ili me\u0111usobno povezivanje kutija.<\/p>\n<p data-start=\"1168\" data-end=\"1282\"><strong data-start=\"1168\" data-end=\"1190\">Obojeni silika gel<\/strong><br data-start=\"1190\" data-end=\"1193\" \/>Silika gel koji menja boju omogu\u0107ava jednostavno pra\u0107enje uslova okru\u017eenja unutar kutije.<\/p>","protected":false},"excerpt":{"rendered":"<p>PolyDryer\u2122 je dizajniran i razvijen u saradnji sa FabNotionKada se su\u0161enje spoji sa skladi\u0161tenjem. Novi standard u nezi filamenta! Su\u0161i i skladi\u0161tiSve u jednom re\u0161enjuUz jednu su\u0161nu bazu (drying dock) mo\u017eete dodati onoliko PolyDryer kutija koliko vam je potrebno, tako da je va\u0161 slede\u0107i projekat uvek spreman. Vrhunska zaptivenostNikada vi\u0161e ne morate \u201elomiti pe\u010dat\u201cNe brinite da \u0107e vlaga uni\u0161titi va\u0161e printove \u2013 PolyDryer kutija pru\u017ea najbolje zaptivanje na tr\u017ei\u0161tu. Efikasno su\u0161enjeVra\u0107a \u017eivot zaboravljenim kalemovima360\u00b0 protok vazduha obezbe\u0111uje ravnomerno su\u0161enje bez o\u0161te\u0107ivanja filamenta. Kompatibilan je sa svim popularnim 3D materijalima uz 3 unapred pode\u0161ena nivoa snage. Kontinuirano su\u0161enjeOmogu\u0107ava stalno su\u0161enje filamenta tokom skladi\u0161tenja, elimini\u0161u\u0107i brige oko apsorpcije vlage. Svestrana veli\u010dinaKompatibilan sa razli\u010ditim veli\u010dinama kalema do 1 kg, sa centralnim dr\u017ea\u010dem za glatku rotaciju. Dodatci za \u0161tampuPersonalizujte svoj sistem uz dodatke za \u0161tampu \u2013 za ka\u010denje ili me\u0111usobno povezivanje kutija. Obojeni silika gelSilika gel koji menja boju omogu\u0107ava jednostavno pra\u0107enje uslova okru\u017eenja unutar kutije.<\/p>","protected":false},"featured_media":1199,"template":"","meta":[],"product_brand":[],"product_cat":[95],"product_tag":[],"class_list":{"0":"post-1198","1":"product","2":"type-product","3":"status-publish","4":"has-post-thumbnail","6":"product_cat-dodatna-oprema","8":"first","9":"instock","10":"shipping-taxable","11":"purchasable","12":"product-type-simple"},"_links":{"self":[{"href":"https:\/\/filamenti.rs\/en\/wp-json\/wp\/v2\/product\/1198","targetHints":{"allow":["GET"]}}],"collection":[{"href":"https:\/\/filamenti.rs\/en\/wp-json\/wp\/v2\/product"}],"about":[{"href":"https:\/\/filamenti.rs\/en\/wp-json\/wp\/v2\/types\/product"}],"version-history":[{"count":2,"href":"https:\/\/filamenti.rs\/en\/wp-json\/wp\/v2\/product\/1198\/revisions"}],"predecessor-version":[{"id":1282,"href":"https:\/\/filamenti.rs\/en\/wp-json\/wp\/v2\/product\/1198\/revisions\/1282"}],"wp:featuredmedia":[{"embeddable":true,"href":"https:\/\/filamenti.rs\/en\/wp-json\/wp\/v2\/media\/1199"}],"wp:attachment":[{"href":"https:\/\/filamenti.rs\/en\/wp-json\/wp\/v2\/media?parent=1198"}],"wp:term":[{"taxonomy":"product_brand","embeddable":true,"href":"https:\/\/filamenti.rs\/en\/wp-json\/wp\/v2\/product_brand?post=1198"},{"taxonomy":"product_cat","embeddable":true,"href":"https:\/\/filamenti.rs\/en\/wp-json\/wp\/v2\/product_cat?post=1198"},{"taxonomy":"product_tag","embeddable":true,"href":"https:\/\/filamenti.rs\/en\/wp-json\/wp\/v2\/product_tag?post=1198"}],"curies":[{"name":"wp","href":"https:\/\/api.w.org\/{rel}","templated":true}]}}