{"id":631,"date":"2025-11-01T04:31:58","date_gmt":"2025-11-01T04:31:58","guid":{"rendered":"https:\/\/filamenti.rs\/?post_type=product&#038;p=631"},"modified":"2026-02-11T19:01:39","modified_gmt":"2026-02-11T18:01:39","slug":"panchroma-pla-silk","status":"publish","type":"product","link":"https:\/\/filamenti.rs\/en\/product\/panchroma-pla-silk\/","title":{"rendered":"Panchroma\u2122 PLA Silk"},"content":{"rendered":"<p data-start=\"0\" data-end=\"296\"><strong data-start=\"0\" data-end=\"35\">Nova i pobolj\u0161ana Silk formula!<\/strong><br data-start=\"35\" data-end=\"38\" \/>Na\u0161a nova <em data-start=\"48\" data-end=\"54\">silk<\/em> formula re\u0161ava problem lomljivosti i zapu\u0161avanja mlaznice, a pritom zadr\u017eava sjajan i glatki zavr\u0161ni sloj. Omogu\u0107ava br\u017eu i \u010distiju \u0161tampu \u2014 do <strong data-start=\"199\" data-end=\"211\">250 mm\/s<\/strong> uz pouzdane rezultate svaki put. Idealna je za 3D \u0161tampu na svakom nivou iskustva.<\/p>\n<p data-start=\"298\" data-end=\"657\"><strong data-start=\"298\" data-end=\"332\">Pobolj\u0161ano prijanjanje slojeva<\/strong><br data-start=\"332\" data-end=\"335\" \/>Dizajniran za sna\u017enije povezivanje slojeva, ovaj filament daje va\u0161im printovima dodatnu izdr\u017eljivost bez kompromisa u pogledu povr\u0161inskog izgleda. Savr\u0161en je za <em data-start=\"496\" data-end=\"503\">flexi<\/em> igra\u010dke, <em data-start=\"513\" data-end=\"522\">cosplay<\/em> rekvizite i dekoracije za dom \u2014 bez potrebe za naprednim pode\u0161avanjima, jednostavno glatkiji i \u010dvr\u0161\u0107i rezultati od po\u010detka do kraja.<\/p>\n<p data-start=\"659\" data-end=\"957\"><strong data-start=\"659\" data-end=\"690\">Sjaj i pri velikim brzinama<\/strong><br data-start=\"690\" data-end=\"693\" \/>Zadr\u017eava bogat, svilenkast sjaj \u010dak i pri brzinama od <strong data-start=\"747\" data-end=\"759\">150 mm\/s<\/strong>, re\u0161avaju\u0107i problem mat efekta koji se \u010desto javlja kod <em data-start=\"816\" data-end=\"826\">silk PLA<\/em> materijala pri brzoj \u0161tampi. Odli\u010dan za brze, detaljne projekte gde je izgled klju\u010dan \u2014 dobijate i sjaj i brzinu bez kompromisa.<\/p>\n<p data-start=\"959\" data-end=\"1225\"><strong data-start=\"959\" data-end=\"977\">Lako za \u0161tampu<\/strong><br data-start=\"977\" data-end=\"980\" \/><em data-start=\"980\" data-end=\"996\">Panchroma Silk<\/em> se lako \u0161tampa na ve\u0107ini FDM 3D \u0161tampa\u010da, bez potrebe za dodatnom opremom. Bilo da ste po\u010detnik ili iskusan majstor, pru\u017ea pouzdano prijanjanje i \u010dist zavr\u0161ni sloj pri standardnim pode\u0161avanjima \u2014 odmah po va\u0111enju iz pakovanja.<\/p>\n<p data-start=\"1227\" data-end=\"1482\"><strong data-start=\"1227\" data-end=\"1251\">Velika brzina \u0161tampe<\/strong><br data-start=\"1251\" data-end=\"1254\" \/>\u0160tampajte sigurno brzinama do <strong data-start=\"1284\" data-end=\"1296\">250 mm\/s<\/strong>, uz zadr\u017eavanje odli\u010dnih povr\u0161inskih detalja. Idealan izbor za <em data-start=\"1360\" data-end=\"1374\">print farm-e<\/em> sa velikim obimom \u0161tampe ili za entuzijaste koji \u017eele vi\u0161e boja i vrhunske rezultate u rekordnom vremenu.<\/p>\n<p data-start=\"1484\" data-end=\"1826\" data-is-last-node=\"\" data-is-only-node=\"\"><strong data-start=\"1484\" data-end=\"1534\">Polymaker u pore\u0111enju sa generi\u010dkim brendovima<\/strong><br data-start=\"1534\" data-end=\"1537\" \/>Dok se obi\u010dni <em data-start=\"1551\" data-end=\"1561\">silk PLA<\/em> filament \u010desto zapu\u0161ava, puca ili gubi sjaj pri velikim brzinama, na\u0161a formula odoleva svemu tome. U\u017eivajte u br\u017eoj \u0161tampi sa sjajnim zavr\u0161nim slojem, pouzdanim ubacivanjem i ve\u0107om izdr\u017eljivo\u0161\u0107u \u2014 uz strogu kontrolu kvaliteta koja garantuje doslednost svake rolne.<\/p>","protected":false},"excerpt":{"rendered":"<p>Nova i pobolj\u0161ana Silk formula!Na\u0161a nova silk formula re\u0161ava problem lomljivosti i zapu\u0161avanja mlaznice, a pritom zadr\u017eava sjajan i glatki zavr\u0161ni sloj. Omogu\u0107ava br\u017eu i \u010distiju \u0161tampu \u2014 do 250 mm\/s uz pouzdane rezultate svaki put. Idealna je za 3D \u0161tampu na svakom nivou iskustva. Pobolj\u0161ano prijanjanje slojevaDizajniran za sna\u017enije povezivanje slojeva, ovaj filament daje va\u0161im printovima dodatnu izdr\u017eljivost bez kompromisa u pogledu povr\u0161inskog izgleda. Savr\u0161en je za flexi igra\u010dke, cosplay rekvizite i dekoracije za dom \u2014 bez potrebe za naprednim pode\u0161avanjima, jednostavno glatkiji i \u010dvr\u0161\u0107i rezultati od po\u010detka do kraja. Sjaj i pri velikim brzinamaZadr\u017eava bogat, svilenkast sjaj \u010dak i pri brzinama od 150 mm\/s, re\u0161avaju\u0107i problem mat efekta koji se \u010desto javlja kod silk PLA materijala pri brzoj \u0161tampi. Odli\u010dan za brze, detaljne projekte gde je izgled klju\u010dan \u2014 dobijate i sjaj i brzinu bez kompromisa. Lako za \u0161tampuPanchroma Silk se lako \u0161tampa na ve\u0107ini FDM 3D \u0161tampa\u010da, bez potrebe za dodatnom opremom. Bilo da ste po\u010detnik ili iskusan majstor, pru\u017ea pouzdano prijanjanje i \u010dist zavr\u0161ni sloj pri standardnim pode\u0161avanjima \u2014 odmah po va\u0111enju iz pakovanja. Velika brzina \u0161tampe\u0160tampajte sigurno brzinama do 250 mm\/s, uz zadr\u017eavanje odli\u010dnih povr\u0161inskih detalja. Idealan izbor za print farm-e sa velikim obimom \u0161tampe ili za entuzijaste koji \u017eele vi\u0161e boja i vrhunske rezultate u rekordnom vremenu. Polymaker u pore\u0111enju sa generi\u010dkim brendovimaDok se obi\u010dni silk PLA filament \u010desto zapu\u0161ava, puca ili gubi sjaj pri velikim brzinama, na\u0161a formula odoleva svemu tome. U\u017eivajte u br\u017eoj \u0161tampi sa sjajnim zavr\u0161nim slojem, pouzdanim ubacivanjem i ve\u0107om izdr\u017eljivo\u0161\u0107u \u2014 uz strogu kontrolu kvaliteta koja garantuje doslednost svake rolne.<\/p>","protected":false},"featured_media":886,"template":"","meta":[],"product_brand":[],"product_cat":[43,37],"product_tag":[],"class_list":{"0":"post-631","1":"product","2":"type-product","3":"status-publish","4":"has-post-thumbnail","6":"product_cat-panchroma","7":"product_cat-pla","8":"pa_color-silk-gold","10":"first","11":"outofstock","12":"shipping-taxable","13":"purchasable","14":"product-type-variable"},"_links":{"self":[{"href":"https:\/\/filamenti.rs\/en\/wp-json\/wp\/v2\/product\/631","targetHints":{"allow":["GET"]}}],"collection":[{"href":"https:\/\/filamenti.rs\/en\/wp-json\/wp\/v2\/product"}],"about":[{"href":"https:\/\/filamenti.rs\/en\/wp-json\/wp\/v2\/types\/product"}],"version-history":[{"count":1,"href":"https:\/\/filamenti.rs\/en\/wp-json\/wp\/v2\/product\/631\/revisions"}],"predecessor-version":[{"id":633,"href":"https:\/\/filamenti.rs\/en\/wp-json\/wp\/v2\/product\/631\/revisions\/633"}],"wp:featuredmedia":[{"embeddable":true,"href":"https:\/\/filamenti.rs\/en\/wp-json\/wp\/v2\/media\/886"}],"wp:attachment":[{"href":"https:\/\/filamenti.rs\/en\/wp-json\/wp\/v2\/media?parent=631"}],"wp:term":[{"taxonomy":"product_brand","embeddable":true,"href":"https:\/\/filamenti.rs\/en\/wp-json\/wp\/v2\/product_brand?post=631"},{"taxonomy":"product_cat","embeddable":true,"href":"https:\/\/filamenti.rs\/en\/wp-json\/wp\/v2\/product_cat?post=631"},{"taxonomy":"product_tag","embeddable":true,"href":"https:\/\/filamenti.rs\/en\/wp-json\/wp\/v2\/product_tag?post=631"}],"curies":[{"name":"wp","href":"https:\/\/api.w.org\/{rel}","templated":true}]}}