{"id":706,"date":"2025-11-01T20:45:46","date_gmt":"2025-11-01T20:45:46","guid":{"rendered":"https:\/\/filamenti.rs\/?post_type=product&#038;p=706"},"modified":"2026-04-27T15:56:09","modified_gmt":"2026-04-27T14:56:09","slug":"panchroma-matte-pla","status":"publish","type":"product","link":"https:\/\/filamenti.rs\/en\/product\/panchroma-matte-pla\/","title":{"rendered":"Panchroma\u2122 PLA Matte"},"content":{"rendered":"<p data-start=\"0\" data-end=\"61\"><strong data-start=\"0\" data-end=\"59\">Panchroma\u2122 Matte PLA: Nova generacija mat PLA filamenta<\/strong><\/p>\n<p data-start=\"63\" data-end=\"346\"><strong data-start=\"63\" data-end=\"109\">Bioplasti\u010dna formula za jednostavnu \u0161tampu<\/strong><br data-start=\"109\" data-end=\"112\" \/><em data-start=\"112\" data-end=\"130\">Panchroma\u2122 Matte<\/em> je 3D filament na bazi bioplastike, dizajniran da postavi novi standard u PLA materijalima. Nudi izuzetnu lako\u0107u upotrebe, pouzdan kvalitet \u0161tampe, veliku brzinu i dosledne performanse na \u0161irokom spektru \u0161tampa\u010da.<\/p>\n<p data-start=\"348\" data-end=\"555\"><strong data-start=\"348\" data-end=\"390\">Prelep mat zavr\u0161etak i intenzivne boje<\/strong><br data-start=\"390\" data-end=\"393\" \/>Ovaj filament daje glatku, mat povr\u0161inu i dolazi u bogatoj paleti \u017eivopisnih boja. Savr\u0161en je za projekte u kojima je izgled jednako va\u017ean kao i funkcionalnost.<\/p>\n<p data-start=\"557\" data-end=\"754\"><strong data-start=\"557\" data-end=\"600\">Rebrendiran radi jasnije identifikacije<\/strong><br data-start=\"600\" data-end=\"603\" \/>Ranije poznat kao <em data-start=\"621\" data-end=\"637\">PolyTerra\u2122 PLA<\/em>, <em data-start=\"639\" data-end=\"657\">Panchroma\u2122 Matte<\/em> zadr\u017eava isti vrhunski kvalitet i \u0161irok izbor boja \u2013 sada pod jasnijim i intuitivnijim imenom.<\/p>\n<p data-start=\"756\" data-end=\"971\" data-is-last-node=\"\" data-is-only-node=\"\"><strong data-start=\"756\" data-end=\"801\">Idealan za svakodnevnu i izlo\u017ebenu \u0161tampu<\/strong><br data-start=\"801\" data-end=\"804\" \/>Odaberite <strong data-start=\"814\" data-end=\"834\">Panchroma\u2122 Matte<\/strong> za impresivne, mat modele koji se lako \u0161tampaju \u2013 savr\u0161eno re\u0161enje za prototipe, makete, dekorativne predmete i svakodnevne 3D projekte.<\/p>","protected":false},"excerpt":{"rendered":"<p>Panchroma\u2122 Matte PLA: Nova generacija mat PLA filamenta Bioplasti\u010dna formula za jednostavnu \u0161tampuPanchroma\u2122 Matte je 3D filament na bazi bioplastike, dizajniran da postavi novi standard u PLA materijalima. Nudi izuzetnu lako\u0107u upotrebe, pouzdan kvalitet \u0161tampe, veliku brzinu i dosledne performanse na \u0161irokom spektru \u0161tampa\u010da. Prelep mat zavr\u0161etak i intenzivne bojeOvaj filament daje glatku, mat povr\u0161inu i dolazi u bogatoj paleti \u017eivopisnih boja. Savr\u0161en je za projekte u kojima je izgled jednako va\u017ean kao i funkcionalnost. Rebrendiran radi jasnije identifikacijeRanije poznat kao PolyTerra\u2122 PLA, Panchroma\u2122 Matte zadr\u017eava isti vrhunski kvalitet i \u0161irok izbor boja \u2013 sada pod jasnijim i intuitivnijim imenom. Idealan za svakodnevnu i izlo\u017ebenu \u0161tampuOdaberite Panchroma\u2122 Matte za impresivne, mat modele koji se lako \u0161tampaju \u2013 savr\u0161eno re\u0161enje za prototipe, makete, dekorativne predmete i svakodnevne 3D projekte.<\/p>","protected":false},"featured_media":708,"template":"","meta":[],"product_brand":[],"product_cat":[43,37],"product_tag":[],"class_list":{"0":"post-706","1":"product","2":"type-product","3":"status-publish","4":"has-post-thumbnail","6":"product_cat-panchroma","7":"product_cat-pla","8":"pa_color-army-beige","9":"pa_color-army-blue","10":"pa_color-army-dark-green","11":"pa_color-army-purple","12":"pa_color-army-red","13":"pa_color-earth-brown","14":"pa_color-matte-arctic-teal","15":"pa_color-matte-cotton-white","16":"pa_color-matte-forest-green","17":"pa_color-matte-muted-blue","18":"pa_color-matte-muted-green","19":"pa_color-matte-muted-purple","20":"pa_color-matte-muted-red","21":"pa_color-matte-muted-white","22":"pa_color-matte-pastel-ice","23":"pa_color-matte-sakura-pink","24":"pa_color-matte-savannah-yellow","25":"pa_color-matte-sky-blue","26":"pa_color-matte-wood-brown","27":"pa_color-savannah-yellow","29":"first","30":"instock","31":"shipping-taxable","32":"purchasable","33":"product-type-variable","34":"has-default-attributes"},"_links":{"self":[{"href":"https:\/\/filamenti.rs\/en\/wp-json\/wp\/v2\/product\/706","targetHints":{"allow":["GET"]}}],"collection":[{"href":"https:\/\/filamenti.rs\/en\/wp-json\/wp\/v2\/product"}],"about":[{"href":"https:\/\/filamenti.rs\/en\/wp-json\/wp\/v2\/types\/product"}],"version-history":[{"count":3,"href":"https:\/\/filamenti.rs\/en\/wp-json\/wp\/v2\/product\/706\/revisions"}],"predecessor-version":[{"id":733,"href":"https:\/\/filamenti.rs\/en\/wp-json\/wp\/v2\/product\/706\/revisions\/733"}],"wp:featuredmedia":[{"embeddable":true,"href":"https:\/\/filamenti.rs\/en\/wp-json\/wp\/v2\/media\/708"}],"wp:attachment":[{"href":"https:\/\/filamenti.rs\/en\/wp-json\/wp\/v2\/media?parent=706"}],"wp:term":[{"taxonomy":"product_brand","embeddable":true,"href":"https:\/\/filamenti.rs\/en\/wp-json\/wp\/v2\/product_brand?post=706"},{"taxonomy":"product_cat","embeddable":true,"href":"https:\/\/filamenti.rs\/en\/wp-json\/wp\/v2\/product_cat?post=706"},{"taxonomy":"product_tag","embeddable":true,"href":"https:\/\/filamenti.rs\/en\/wp-json\/wp\/v2\/product_tag?post=706"}],"curies":[{"name":"wp","href":"https:\/\/api.w.org\/{rel}","templated":true}]}}