{"id":734,"date":"2025-11-02T00:00:53","date_gmt":"2025-11-02T00:00:53","guid":{"rendered":"https:\/\/filamenti.rs\/?post_type=product&#038;p=734"},"modified":"2026-03-06T16:09:41","modified_gmt":"2026-03-06T15:09:41","slug":"panchroma-pla-marble","status":"publish","type":"product","link":"https:\/\/filamenti.rs\/en\/product\/panchroma-pla-marble\/","title":{"rendered":"Panchroma\u2122 PLA Marble"},"content":{"rendered":"<p data-start=\"0\" data-end=\"100\"><strong data-start=\"0\" data-end=\"98\">Panchroma\u2122 Marble PLA: Realisti\u010dan kameni efekat uz performanse nove generacije PLA materijala<\/strong><\/p>\n<p data-start=\"102\" data-end=\"400\"><strong data-start=\"102\" data-end=\"131\">Elegantan mermerni izgled<\/strong><br data-start=\"131\" data-end=\"134\" \/><em data-start=\"134\" data-end=\"153\">Panchroma\u2122 Marble<\/em> je 3D filament na bazi bioplastike, dizajniran da pru\u017ei realisti\u010dan izgled mermera ili kamena. Dodaje vizuelnu teksturu i sofisticiranost modelima, \u0161to ga \u010dini idealnim za umetni\u010dke projekte, statue, arhitektonske makete i dekorativne elemente.<\/p>\n<p data-start=\"402\" data-end=\"784\"><strong data-start=\"402\" data-end=\"458\">PLA nove generacije za jednostavnu i pouzdanu \u0161tampu<\/strong><br data-start=\"458\" data-end=\"461\" \/>Razvijen od temelja kao napredna PLA formula, <em data-start=\"507\" data-end=\"526\">Panchroma\u2122 Marble<\/em> nudi izuzetnu lako\u0107u upotrebe, pouzdano prijanjanje slojeva i dosledan kvalitet \u0161tampe. Optimizovan je i za brzinu i za vrhunski zavr\u0161ni izgled, a radi besprekorno na ve\u0107ini FDM\/FFF 3D \u0161tampa\u010da \u2014 bez potrebe za dodatnom opremom ili posebnim pode\u0161avanjima.<\/p>\n<p data-start=\"786\" data-end=\"993\"><strong data-start=\"786\" data-end=\"826\">Ekolo\u0161ki svesna bioplasti\u010dna formula<\/strong><br data-start=\"826\" data-end=\"829\" \/>Ovaj filament ima odr\u017eivu bioplasti\u010dnu osnovu, nude\u0107i ekolo\u0161ki prihvatljivo re\u0161enje za sve kreatore koji vrednuju i estetiku i odgovornost prema \u017eivotnoj sredini.<\/p>\n<p data-start=\"995\" data-end=\"1189\"><strong data-start=\"995\" data-end=\"1023\">Rebrendiran radi jasno\u0107e<\/strong><br data-start=\"1023\" data-end=\"1026\" \/>Ranije poznat kao <em data-start=\"1044\" data-end=\"1067\">PolyTerra\u2122 Marble PLA<\/em>, <em data-start=\"1069\" data-end=\"1088\">Panchroma\u2122 Marble<\/em> zadr\u017eava proverenu formulu i prelep zavr\u0161ni efekat \u2014 sada pod jasnijim i prepoznatljivijim imenom.<\/p>\n<p data-start=\"1191\" data-end=\"1410\" data-is-last-node=\"\" data-is-only-node=\"\"><strong data-start=\"1191\" data-end=\"1240\">Idealan za umetni\u010dke i arhitektonske projekte<\/strong><br data-start=\"1240\" data-end=\"1243\" \/>Odaberite <strong data-start=\"1253\" data-end=\"1274\">Panchroma\u2122 Marble<\/strong> kada \u017eelite da kreirate modele sa elegantnim, kamenim izgledom i u\u017eivate u pouzdanosti i jednostavnosti PLA materijala nove generacije.<\/p>","protected":false},"excerpt":{"rendered":"<p>Panchroma\u2122 Marble PLA: Realisti\u010dan kameni efekat uz performanse nove generacije PLA materijala Elegantan mermerni izgledPanchroma\u2122 Marble je 3D filament na bazi bioplastike, dizajniran da pru\u017ei realisti\u010dan izgled mermera ili kamena. Dodaje vizuelnu teksturu i sofisticiranost modelima, \u0161to ga \u010dini idealnim za umetni\u010dke projekte, statue, arhitektonske makete i dekorativne elemente. PLA nove generacije za jednostavnu i pouzdanu \u0161tampuRazvijen od temelja kao napredna PLA formula, Panchroma\u2122 Marble nudi izuzetnu lako\u0107u upotrebe, pouzdano prijanjanje slojeva i dosledan kvalitet \u0161tampe. Optimizovan je i za brzinu i za vrhunski zavr\u0161ni izgled, a radi besprekorno na ve\u0107ini FDM\/FFF 3D \u0161tampa\u010da \u2014 bez potrebe za dodatnom opremom ili posebnim pode\u0161avanjima. Ekolo\u0161ki svesna bioplasti\u010dna formulaOvaj filament ima odr\u017eivu bioplasti\u010dnu osnovu, nude\u0107i ekolo\u0161ki prihvatljivo re\u0161enje za sve kreatore koji vrednuju i estetiku i odgovornost prema \u017eivotnoj sredini. Rebrendiran radi jasno\u0107eRanije poznat kao PolyTerra\u2122 Marble PLA, Panchroma\u2122 Marble zadr\u017eava proverenu formulu i prelep zavr\u0161ni efekat \u2014 sada pod jasnijim i prepoznatljivijim imenom. Idealan za umetni\u010dke i arhitektonske projekteOdaberite Panchroma\u2122 Marble kada \u017eelite da kreirate modele sa elegantnim, kamenim izgledom i u\u017eivate u pouzdanosti i jednostavnosti PLA materijala nove generacije.<\/p>","protected":false},"featured_media":748,"template":"","meta":[],"product_brand":[],"product_cat":[43,37],"product_tag":[],"class_list":{"0":"post-734","1":"product","2":"type-product","3":"status-publish","4":"has-post-thumbnail","6":"product_cat-panchroma","7":"product_cat-pla","8":"pa_color-marble-brick","9":"pa_color-marble-sandstone","10":"pa_color-marble-white","12":"first","13":"onbackorder","14":"shipping-taxable","15":"purchasable","16":"product-type-variable"},"_links":{"self":[{"href":"https:\/\/filamenti.rs\/en\/wp-json\/wp\/v2\/product\/734","targetHints":{"allow":["GET"]}}],"collection":[{"href":"https:\/\/filamenti.rs\/en\/wp-json\/wp\/v2\/product"}],"about":[{"href":"https:\/\/filamenti.rs\/en\/wp-json\/wp\/v2\/types\/product"}],"version-history":[{"count":3,"href":"https:\/\/filamenti.rs\/en\/wp-json\/wp\/v2\/product\/734\/revisions"}],"predecessor-version":[{"id":749,"href":"https:\/\/filamenti.rs\/en\/wp-json\/wp\/v2\/product\/734\/revisions\/749"}],"wp:featuredmedia":[{"embeddable":true,"href":"https:\/\/filamenti.rs\/en\/wp-json\/wp\/v2\/media\/748"}],"wp:attachment":[{"href":"https:\/\/filamenti.rs\/en\/wp-json\/wp\/v2\/media?parent=734"}],"wp:term":[{"taxonomy":"product_brand","embeddable":true,"href":"https:\/\/filamenti.rs\/en\/wp-json\/wp\/v2\/product_brand?post=734"},{"taxonomy":"product_cat","embeddable":true,"href":"https:\/\/filamenti.rs\/en\/wp-json\/wp\/v2\/product_cat?post=734"},{"taxonomy":"product_tag","embeddable":true,"href":"https:\/\/filamenti.rs\/en\/wp-json\/wp\/v2\/product_tag?post=734"}],"curies":[{"name":"wp","href":"https:\/\/api.w.org\/{rel}","templated":true}]}}