{"id":888,"date":"2025-11-05T23:23:02","date_gmt":"2025-11-05T22:23:02","guid":{"rendered":"https:\/\/filamenti.rs\/?post_type=product&#038;p=888"},"modified":"2025-12-21T18:18:39","modified_gmt":"2025-12-21T17:18:39","slug":"panchroma-pla-neon","status":"publish","type":"product","link":"https:\/\/filamenti.rs\/en\/product\/panchroma-pla-neon\/","title":{"rendered":"Panchroma\u2122 PLA Neon"},"content":{"rendered":"<p data-start=\"0\" data-end=\"55\"><strong data-start=\"0\" data-end=\"53\">Panchroma\u2122 Neon PLA: Sjajni UV-reaktivni filament<\/strong><\/p>\n<h3 data-start=\"62\" data-end=\"110\"><strong data-start=\"66\" data-end=\"108\">Intenzivne boje pod UV \/ crnim svetlom<\/strong><\/h3>\n<p data-start=\"111\" data-end=\"367\"><strong data-start=\"111\" data-end=\"130\">Panchroma\u2122 Neon<\/strong> je UV-reaktivni filament koji zasijava \u017eivopisnim, svetle\u0107im bojama kada je izlo\u017een UV ili crnom svetlu. Ova jedinstvena osobina \u010dini va\u0161e 3D modele upe\u010datljivima u tamnim prostorima osvetljenim UV svetlom, sa izra\u017eenim neonskim sjajem.<\/p>\n<h3 data-start=\"374\" data-end=\"426\"><strong data-start=\"378\" data-end=\"424\">Idealan za umetni\u010dke i specijalne projekte<\/strong><\/h3>\n<p data-start=\"427\" data-end=\"574\">Savr\u0161en izbor za <strong data-start=\"444\" data-end=\"504\">dekoracije na zabavama, signalizaciju, cosplay rekvizite<\/strong> i sve kreativne projekte koji tra\u017ee upe\u010datljive fluorescentne efekte.<\/p>\n<h3 data-start=\"581\" data-end=\"622\"><strong data-start=\"585\" data-end=\"620\">Jednostavan za \u0161tampu i pouzdan<\/strong><\/h3>\n<p data-start=\"623\" data-end=\"807\">Dizajniran za <strong data-start=\"637\" data-end=\"669\">konzistentnu i glatku \u0161tampu<\/strong> na ve\u0107ini FDM\/FFF 3D \u0161tampa\u010da koriste\u0107i standardna PLA pode\u0161avanja, <strong data-start=\"738\" data-end=\"757\">Panchroma\u2122 Neon<\/strong> spaja vizuelni efekat sa jednostavno\u0161\u0107u upotrebe.<\/p>\n<h3 data-start=\"814\" data-end=\"848\"><strong data-start=\"818\" data-end=\"846\">Istaknite svoje kreacije<\/strong><\/h3>\n<p data-start=\"849\" data-end=\"993\" data-is-last-node=\"\" data-is-only-node=\"\">Birajte <strong data-start=\"857\" data-end=\"876\">Panchroma\u2122 Neon<\/strong> kada \u017eelite da va\u0161i 3D modeli <strong data-start=\"907\" data-end=\"934\">zasijaju pod UV svetlom<\/strong> i dodaju vibrantan, fluorescentni efekat va\u0161im projektima.<\/p>","protected":false},"excerpt":{"rendered":"<p>Panchroma\u2122 Neon PLA: Sjajni UV-reaktivni filament Intenzivne boje pod UV \/ crnim svetlom Panchroma\u2122 Neon je UV-reaktivni filament koji zasijava \u017eivopisnim, svetle\u0107im bojama kada je izlo\u017een UV ili crnom svetlu. Ova jedinstvena osobina \u010dini va\u0161e 3D modele upe\u010datljivima u tamnim prostorima osvetljenim UV svetlom, sa izra\u017eenim neonskim sjajem. Idealan za umetni\u010dke i specijalne projekte Savr\u0161en izbor za dekoracije na zabavama, signalizaciju, cosplay rekvizite i sve kreativne projekte koji tra\u017ee upe\u010datljive fluorescentne efekte. Jednostavan za \u0161tampu i pouzdan Dizajniran za konzistentnu i glatku \u0161tampu na ve\u0107ini FDM\/FFF 3D \u0161tampa\u010da koriste\u0107i standardna PLA pode\u0161avanja, Panchroma\u2122 Neon spaja vizuelni efekat sa jednostavno\u0161\u0107u upotrebe. Istaknite svoje kreacije Birajte Panchroma\u2122 Neon kada \u017eelite da va\u0161i 3D modeli zasijaju pod UV svetlom i dodaju vibrantan, fluorescentni efekat va\u0161im projektima.<\/p>","protected":false},"featured_media":891,"template":"","meta":[],"product_brand":[],"product_cat":[43,37],"product_tag":[],"class_list":{"0":"post-888","1":"product","2":"type-product","3":"status-publish","4":"has-post-thumbnail","6":"product_cat-panchroma","7":"product_cat-pla","8":"pa_color-neon-orange","10":"first","11":"instock","12":"shipping-taxable","13":"purchasable","14":"product-type-variable"},"_links":{"self":[{"href":"https:\/\/filamenti.rs\/en\/wp-json\/wp\/v2\/product\/888","targetHints":{"allow":["GET"]}}],"collection":[{"href":"https:\/\/filamenti.rs\/en\/wp-json\/wp\/v2\/product"}],"about":[{"href":"https:\/\/filamenti.rs\/en\/wp-json\/wp\/v2\/types\/product"}],"version-history":[{"count":1,"href":"https:\/\/filamenti.rs\/en\/wp-json\/wp\/v2\/product\/888\/revisions"}],"predecessor-version":[{"id":889,"href":"https:\/\/filamenti.rs\/en\/wp-json\/wp\/v2\/product\/888\/revisions\/889"}],"wp:featuredmedia":[{"embeddable":true,"href":"https:\/\/filamenti.rs\/en\/wp-json\/wp\/v2\/media\/891"}],"wp:attachment":[{"href":"https:\/\/filamenti.rs\/en\/wp-json\/wp\/v2\/media?parent=888"}],"wp:term":[{"taxonomy":"product_brand","embeddable":true,"href":"https:\/\/filamenti.rs\/en\/wp-json\/wp\/v2\/product_brand?post=888"},{"taxonomy":"product_cat","embeddable":true,"href":"https:\/\/filamenti.rs\/en\/wp-json\/wp\/v2\/product_cat?post=888"},{"taxonomy":"product_tag","embeddable":true,"href":"https:\/\/filamenti.rs\/en\/wp-json\/wp\/v2\/product_tag?post=888"}],"curies":[{"name":"wp","href":"https:\/\/api.w.org\/{rel}","templated":true}]}}