{"id":893,"date":"2025-11-05T23:32:02","date_gmt":"2025-11-05T22:32:02","guid":{"rendered":"https:\/\/filamenti.rs\/?post_type=product&#038;p=893"},"modified":"2026-04-27T15:58:16","modified_gmt":"2026-04-27T14:58:16","slug":"panchroma-pla-metallic","status":"publish","type":"product","link":"https:\/\/filamenti.rs\/en\/product\/panchroma-pla-metallic\/","title":{"rendered":"Panchroma\u2122 PLA Metallic"},"content":{"rendered":"<p data-start=\"0\" data-end=\"52\"><strong data-start=\"0\" data-end=\"50\">Panchroma\u2122 Metallic PLA: Sjajni Metalik Efekat<\/strong><\/p>\n<p data-start=\"54\" data-end=\"210\"><strong data-start=\"54\" data-end=\"101\">Jedinstveni Sjaj Zahvaljuju\u0107i Glitter Prahu<\/strong><br data-start=\"101\" data-end=\"104\" \/>Panchroma\u2122 Metallic je filament oboga\u0107en specijalnim glitter prahom koji imitira briljantan sjaj metala.<\/p>\n<p data-start=\"212\" data-end=\"489\"><strong data-start=\"212\" data-end=\"260\">Idealan za Dekorativne i Funkcionalne \u0160tampe<\/strong><br data-start=\"260\" data-end=\"263\" \/>Savr\u0161en za izradu upe\u010datljivih delova, izlo\u017ebenih modela i umetni\u010dkih projekata koji zahtevaju realisti\u010dan metalik izgled. Panchroma\u2122 Metallic daje tvojim 3D \u0161tampanim objektima <strong data-start=\"441\" data-end=\"468\">premium vizuelni utisak<\/strong> uz minimalan trud.<\/p>\n<p data-start=\"491\" data-end=\"663\"><strong data-start=\"491\" data-end=\"516\">Jednostavan za \u0160tampu<\/strong><br data-start=\"516\" data-end=\"519\" \/>Dizajniran za pouzdanu upotrebu na ve\u0107ini <strong data-start=\"561\" data-end=\"584\">FDM\/FFF 3D \u0161tampa\u010da<\/strong>, Panchroma\u2122 Metallic kombinuje <strong data-start=\"616\" data-end=\"640\">estetsku privla\u010dnost<\/strong> i <strong data-start=\"643\" data-end=\"660\" data-is-only-node=\"\">lako\u0107u \u0161tampe<\/strong>.<\/p>\n<p data-start=\"665\" data-end=\"826\" data-is-last-node=\"\" data-is-only-node=\"\">Izaberi <strong data-start=\"673\" data-end=\"696\">Panchroma\u2122 Metallic<\/strong> kada \u017eeli\u0161 da postigne\u0161 <strong data-start=\"721\" data-end=\"748\">blistave metalik efekte<\/strong> u svojim 3D projektima koriste\u0107i <strong data-start=\"782\" data-end=\"825\">jednostavan, biorazgradivi PLA filament<\/strong>.<\/p>","protected":false},"excerpt":{"rendered":"<p>Panchroma\u2122 Metallic PLA: Sjajni Metalik Efekat Jedinstveni Sjaj Zahvaljuju\u0107i Glitter PrahuPanchroma\u2122 Metallic je filament oboga\u0107en specijalnim glitter prahom koji imitira briljantan sjaj metala. Idealan za Dekorativne i Funkcionalne \u0160tampeSavr\u0161en za izradu upe\u010datljivih delova, izlo\u017ebenih modela i umetni\u010dkih projekata koji zahtevaju realisti\u010dan metalik izgled. Panchroma\u2122 Metallic daje tvojim 3D \u0161tampanim objektima premium vizuelni utisak uz minimalan trud. Jednostavan za \u0160tampuDizajniran za pouzdanu upotrebu na ve\u0107ini FDM\/FFF 3D \u0161tampa\u010da, Panchroma\u2122 Metallic kombinuje estetsku privla\u010dnost i lako\u0107u \u0161tampe. Izaberi Panchroma\u2122 Metallic kada \u017eeli\u0161 da postigne\u0161 blistave metalik efekte u svojim 3D projektima koriste\u0107i jednostavan, biorazgradivi PLA filament.<\/p>","protected":false},"featured_media":895,"template":"","meta":[],"product_brand":[],"product_cat":[43,37],"product_tag":[],"class_list":{"0":"post-893","1":"product","2":"type-product","3":"status-publish","4":"has-post-thumbnail","6":"product_cat-panchroma","7":"product_cat-pla","8":"pa_color-metallic-blue","9":"pa_color-metallic-gold","11":"first","12":"instock","13":"shipping-taxable","14":"purchasable","15":"product-type-variable"},"_links":{"self":[{"href":"https:\/\/filamenti.rs\/en\/wp-json\/wp\/v2\/product\/893","targetHints":{"allow":["GET"]}}],"collection":[{"href":"https:\/\/filamenti.rs\/en\/wp-json\/wp\/v2\/product"}],"about":[{"href":"https:\/\/filamenti.rs\/en\/wp-json\/wp\/v2\/types\/product"}],"version-history":[{"count":1,"href":"https:\/\/filamenti.rs\/en\/wp-json\/wp\/v2\/product\/893\/revisions"}],"predecessor-version":[{"id":897,"href":"https:\/\/filamenti.rs\/en\/wp-json\/wp\/v2\/product\/893\/revisions\/897"}],"wp:featuredmedia":[{"embeddable":true,"href":"https:\/\/filamenti.rs\/en\/wp-json\/wp\/v2\/media\/895"}],"wp:attachment":[{"href":"https:\/\/filamenti.rs\/en\/wp-json\/wp\/v2\/media?parent=893"}],"wp:term":[{"taxonomy":"product_brand","embeddable":true,"href":"https:\/\/filamenti.rs\/en\/wp-json\/wp\/v2\/product_brand?post=893"},{"taxonomy":"product_cat","embeddable":true,"href":"https:\/\/filamenti.rs\/en\/wp-json\/wp\/v2\/product_cat?post=893"},{"taxonomy":"product_tag","embeddable":true,"href":"https:\/\/filamenti.rs\/en\/wp-json\/wp\/v2\/product_tag?post=893"}],"curies":[{"name":"wp","href":"https:\/\/api.w.org\/{rel}","templated":true}]}}